{"id":1015,"date":"2022-04-04T13:27:24","date_gmt":"2022-04-04T10:27:24","guid":{"rendered":"https:\/\/www.icetol.com\/?page_id=1015"},"modified":"2022-09-20T13:27:29","modified_gmt":"2022-09-20T10:27:29","slug":"workshops-2","status":"publish","type":"page","link":"https:\/\/www.icetol.com\/?page_id=1015","title":{"rendered":"\u00d6\u011fretmen At\u00f6lyesi 2022"},"content":{"rendered":"<h4>\u00c7evrimi\u00e7i \u00d6\u011frenme Materyali Geli\u015ftirme<\/h4>\n<p>At\u00f6lyeye hem \u00e7evrimi\u00e7i hem de y\u00fcz y\u00fcze kat\u0131l\u0131m sa\u011flanabilmektedir.<\/p>\n<p>Bu at\u00f6lye \u00f6\u011fretmenlerimize y\u00f6neliktir. At\u00f6lye y\u00fcz y\u00fcze kat\u0131l\u0131m \u00fccreti 300TL (g\u00fcn\u00fc birlik \u00f6\u011fle yeme\u011fi, ara ikramlar, kat\u0131l\u0131m belgesi dahil), \u00e7evirimi\u00e7i kat\u0131l\u0131m \u00fccreti 100 TL (kat\u0131l\u0131m belgesi)&#8217;dir.<\/p>\n<p>Konferansa kay\u0131tl\u0131 t\u00fcm kat\u0131l\u0131mc\u0131lar at\u00f6lyeye \u00fccretsiz kat\u0131labilecektir.<\/p>\n<p><a href=\"https:\/\/forms.gle\/L8XkVxN6fcKeVD1c8\">Kay\u0131t olmak i\u00e7in t\u0131klay\u0131n\u0131z.&nbsp;<\/a><\/p>\n<p><img loading=\"lazy\" decoding=\"async\" class=\"alignnone size-full wp-image-1049\" src=\"https:\/\/www.icetol.com\/wp-content\/uploads\/2022\/05\/atolye_teorik2.png\" alt=\"\" width=\"1201\" height=\"676\"><\/p>\n<p><img loading=\"lazy\" decoding=\"async\" class=\"alignnone size-full wp-image-1179\" src=\"https:\/\/www.icetol.com\/wp-content\/uploads\/2022\/05\/atolye_uygulama-300x169.png\" alt=\"\" width=\"1201\" height=\"676\" srcset=\"https:\/\/www.icetol.com\/wp-content\/uploads\/2022\/05\/atolye_uygulama-300x169.png 300w, https:\/\/www.icetol.com\/wp-content\/uploads\/2022\/05\/atolye_uygulama-600x338.png 600w, https:\/\/www.icetol.com\/wp-content\/uploads\/2022\/05\/atolye_uygulama-1024x576.png 1024w, https:\/\/www.icetol.com\/wp-content\/uploads\/2022\/05\/atolye_uygulama-768x432.png 768w, https:\/\/www.icetol.com\/wp-content\/uploads\/2022\/05\/atolye_uygulama.png 1201w\" sizes=\"auto, (max-width: 1201px) 100vw, 1201px\" \/><\/p>\n","protected":false},"excerpt":{"rendered":"<p>\u00c7evrimi\u00e7i \u00d6\u011frenme Materyali Geli\u015ftirme At\u00f6lyeye hem \u00e7evrimi\u00e7i hem de y\u00fcz y\u00fcze kat\u0131l\u0131m sa\u011flanabilmektedir. Bu at\u00f6lye \u00f6\u011fretmenlerimize y\u00f6neliktir. At\u00f6lye y\u00fcz y\u00fcze kat\u0131l\u0131m \u00fccreti 300TL (g\u00fcn\u00fc birlik \u00f6\u011fle yeme\u011fi, ara ikramlar, kat\u0131l\u0131m belgesi dahil), \u00e7evirimi\u00e7i kat\u0131l\u0131m \u00fccreti 100 TL (kat\u0131l\u0131m belgesi)&#8217;dir. Konferansa kay\u0131tl\u0131 t\u00fcm kat\u0131l\u0131mc\u0131lar at\u00f6lyeye \u00fccretsiz kat\u0131labilecektir. Kay\u0131t olmak i\u00e7in t\u0131klay\u0131n\u0131z.&nbsp;<\/p>\n","protected":false},"author":1,"featured_media":0,"parent":0,"menu_order":0,"comment_status":"closed","ping_status":"closed","template":"","meta":{"inline_featured_image":false,"_monsterinsights_skip_tracking":false,"_monsterinsights_sitenote_active":false,"_monsterinsights_sitenote_note":"","_monsterinsights_sitenote_category":0,"ngg_post_thumbnail":0,"footnotes":""},"class_list":["post-1015","page","type-page","status-publish","hentry"],"_links":{"self":[{"href":"https:\/\/www.icetol.com\/index.php?rest_route=\/wp\/v2\/pages\/1015","targetHints":{"allow":["GET"]}}],"collection":[{"href":"https:\/\/www.icetol.com\/index.php?rest_route=\/wp\/v2\/pages"}],"about":[{"href":"https:\/\/www.icetol.com\/index.php?rest_route=\/wp\/v2\/types\/page"}],"author":[{"embeddable":true,"href":"https:\/\/www.icetol.com\/index.php?rest_route=\/wp\/v2\/users\/1"}],"replies":[{"embeddable":true,"href":"https:\/\/www.icetol.com\/index.php?rest_route=%2Fwp%2Fv2%2Fcomments&post=1015"}],"version-history":[{"count":14,"href":"https:\/\/www.icetol.com\/index.php?rest_route=\/wp\/v2\/pages\/1015\/revisions"}],"predecessor-version":[{"id":1510,"href":"https:\/\/www.icetol.com\/index.php?rest_route=\/wp\/v2\/pages\/1015\/revisions\/1510"}],"wp:attachment":[{"href":"https:\/\/www.icetol.com\/index.php?rest_route=%2Fwp%2Fv2%2Fmedia&parent=1015"}],"curies":[{"name":"wp","href":"https:\/\/api.w.org\/{rel}","templated":true}]}}