{"id":1508,"date":"2022-09-20T13:25:24","date_gmt":"2022-09-20T10:25:24","guid":{"rendered":"https:\/\/www.icetol.com\/?page_id=1508"},"modified":"2022-09-20T13:31:33","modified_gmt":"2022-09-20T10:31:33","slug":"international-scientific-advisory-board-2022","status":"publish","type":"page","link":"https:\/\/www.icetol.com\/?page_id=1508","title":{"rendered":"International Scientific Advisory Board 2022"},"content":{"rendered":"<table>\n<tbody>\n<tr>\n<td><strong>Name Surname<\/strong><\/td>\n<td><strong>University<\/strong><\/td>\n<\/tr>\n<tr>\n<td>Dr. Abdullah Kuzu<\/td>\n<td>Antalya Akev University, Turkey<\/td>\n<\/tr>\n<tr>\n<td>Dr. Arif Altun<\/td>\n<td>Hacettepe University, Turkey<\/td>\n<\/tr>\n<tr>\n<td>Dr. Ay\u015fen Karamete<\/td>\n<td>Bal\u0131kesir University, Turkey<\/td>\n<\/tr>\n<tr>\n<td>Dr. Bar\u0131\u015f \u00c7ukurba\u015f\u0131<\/td>\n<td>Manisa Celal Bayar University, Turkey<\/td>\n<\/tr>\n<tr>\n<td>Dr. Beril Ceylan<\/td>\n<td>Ege University, Turkey<\/td>\n<\/tr>\n<tr>\n<td>Dr. Clifford De Raffaele<\/td>\n<td>Malta College of Arts, Science and Technology, Malta<\/td>\n<\/tr>\n<tr>\n<td>Dr. Deepika Kohli<\/td>\n<td>Khalsa College of Education GTR, Amritsar, Punjab, India<\/td>\n<\/tr>\n<tr>\n<td>Dr. Deniz Mertkan Gezgin<\/td>\n<td>Trakya University, Turkey<\/td>\n<\/tr>\n<tr>\n<td>Dr. Ela Akg\u00fcn \u00d6zbek<\/td>\n<td>Anadolu University, Turkey<\/td>\n<\/tr>\n<tr>\n<td>Dr. Elif Bu\u011fra Kuzu Demir<\/td>\n<td>Dokuz Eylul University, Turkey<\/td>\n<\/tr>\n<tr>\n<td>Dr. Emin Korkusuz<\/td>\n<td>Bal\u0131kesir University, Turkey<\/td>\n<\/tr>\n<tr>\n<td>Dr. Emine Nur \u00dcnveren-Bilgi\u00e7<\/td>\n<td>D\u00fczce University, Turkey<\/td>\n<\/tr>\n<tr>\n<td>Dr. Emre \u00c7am<\/td>\n<td>Tokat Gaziosmanpa\u015fa University, Turkey<\/td>\n<\/tr>\n<tr>\n<td>Dr. Erdem Erdo\u011fdu<\/td>\n<td>Anadolu University, Turkey<\/td>\n<\/tr>\n<tr>\n<td>Dr. Erhan G\u00fcne\u015f<\/td>\n<td>K\u0131r\u015fehir Ahi Evran University, Turkey<\/td>\n<\/tr>\n<tr>\n<td>Dr. Fatma Sapmaz<\/td>\n<td>Eski\u015fehir Osmangazi University, Turkey<\/td>\n<\/tr>\n<tr>\n<td>Dr. F\u0131rat Sarsar<\/td>\n<td>Ege University, Turkey<\/td>\n<\/tr>\n<tr>\n<td>Dr. G\u00fclcan \u00d6zt\u00fcrk<\/td>\n<td>Bal\u0131kesir University, Turkey<\/td>\n<\/tr>\n<tr>\n<td>Dr. Huijing Wen<\/td>\n<td>Moravian University, USA<\/td>\n<\/tr>\n<tr>\n<td>Dr. Hur\u015fit Cem Salar<\/td>\n<td>Pamukkale University, Turkey<\/td>\n<\/tr>\n<tr>\n<td>Dr. Kadir Demir<\/td>\n<td>\u0130zmir Demokrasi University, Turkey<\/td>\n<\/tr>\n<tr>\n<td>Dr. Kerem K\u0131l\u0131\u00e7er<\/td>\n<td>Tokat Gaziosmanpa\u015fa University, Turkey<\/td>\n<\/tr>\n<tr>\n<td>Dr. K\u00fcr\u015fat \u00c7a\u011f\u0131ltay<\/td>\n<td>Middle East Technical University, Turkey<\/td>\n<\/tr>\n<tr>\n<td>Dr. M. Emre Sezgin<\/td>\n<td>\u00c7ukurova University, Turkey<\/td>\n<\/tr>\n<tr>\n<td>Dr. Maphalala Mncedisi<\/td>\n<td>Durban University of Technology, South Africa<\/td>\n<\/tr>\n<tr>\n<td>Dr. Mehmet Emre Sezgin<\/td>\n<td>\u00c7ukurova University, Turkey<\/td>\n<\/tr>\n<tr>\n<td>Dr. Mehmet Kesim<\/td>\n<td>Anadolu University, Turkey<\/td>\n<\/tr>\n<tr>\n<td>Dr. Murat Ataizi<\/td>\n<td>Anadolu University, Turkey<\/td>\n<\/tr>\n<tr>\n<td>Dr. Murat Topal<\/td>\n<td>Sakarya University, Turkey<\/td>\n<\/tr>\n<tr>\n<td>Dr. M\u00fcbin K\u0131y\u0131c\u0131 Topal<\/td>\n<td>Sakarya University, Turkey<\/td>\n<\/tr>\n<tr>\n<td>Dr. Nilg\u00fcn Tosun<\/td>\n<td>Trakya University, Turkey<\/td>\n<\/tr>\n<tr>\n<td>Dr. \u00d6zden \u015eahin \u0130zmirli<\/td>\n<td>\u00c7anakkale Onsekiz Mart University, Turkey<\/td>\n<\/tr>\n<tr>\n<td>Dr. Ramashego Mphahlele<\/td>\n<td>University of South Africa, South Africa<\/td>\n<\/tr>\n<tr>\n<td>Dr. Ramesh Sharma<\/td>\n<td>Ambedkar University Delhi, India<\/td>\n<\/tr>\n<tr>\n<td>Dr. Semiral \u00d6nc\u00fc<\/td>\n<td>Bal\u0131kesir University, Turkey<\/td>\n<\/tr>\n<tr>\n<td>Dr. Serkan \u0130zmirli<\/td>\n<td>\u00c7anakkale Onsekiz Mart University, Turkey<\/td>\n<\/tr>\n<tr>\n<td>Dr. Serpil Ko\u00e7dar<\/td>\n<td>Anadolu University, Turkey<\/td>\n<\/tr>\n<tr>\n<td>Dr. \u015eule Y\u0131lmaz \u00d6zden<\/td>\n<td>Sakarya University, Turkey<\/td>\n<\/tr>\n<tr>\n<td>Dr. U\u011fur Ba\u015farmak<\/td>\n<td>K\u0131r\u015fehir Ahi Evran University, Turkey<\/td>\n<\/tr>\n<tr>\n<td>Dr. T. Volkan Y\u00fczer<\/td>\n<td>Anadolu University, Turkey<\/td>\n<\/tr>\n<tr>\n<td>Dr. Yal\u0131n K\u0131l\u0131\u00e7 T\u00fcrel<\/td>\n<td>F\u0131rat University, Turkey<\/td>\n<\/tr>\n<\/tbody>\n<\/table>\n<p>&nbsp;<\/p>\n","protected":false},"excerpt":{"rendered":"<p>Name Surname University Dr. Abdullah Kuzu Antalya Akev University, Turkey Dr. Arif Altun Hacettepe University, Turkey Dr. Ay\u015fen Karamete Bal\u0131kesir University, Turkey Dr. Bar\u0131\u015f \u00c7ukurba\u015f\u0131 Manisa Celal Bayar University, Turkey Dr. Beril Ceylan Ege University, Turkey Dr. Clifford De Raffaele Malta College of Arts, Science and Technology, Malta Dr. Deepika Kohli Khalsa College of Education [&hellip;]<\/p>\n","protected":false},"author":1,"featured_media":0,"parent":0,"menu_order":0,"comment_status":"closed","ping_status":"closed","template":"","meta":{"inline_featured_image":false,"_monsterinsights_skip_tracking":false,"_monsterinsights_sitenote_active":false,"_monsterinsights_sitenote_note":"","_monsterinsights_sitenote_category":0,"ngg_post_thumbnail":0,"footnotes":""},"class_list":["post-1508","page","type-page","status-publish","hentry"],"_links":{"self":[{"href":"https:\/\/www.icetol.com\/index.php?rest_route=\/wp\/v2\/pages\/1508","targetHints":{"allow":["GET"]}}],"collection":[{"href":"https:\/\/www.icetol.com\/index.php?rest_route=\/wp\/v2\/pages"}],"about":[{"href":"https:\/\/www.icetol.com\/index.php?rest_route=\/wp\/v2\/types\/page"}],"author":[{"embeddable":true,"href":"https:\/\/www.icetol.com\/index.php?rest_route=\/wp\/v2\/users\/1"}],"replies":[{"embeddable":true,"href":"https:\/\/www.icetol.com\/index.php?rest_route=%2Fwp%2Fv2%2Fcomments&post=1508"}],"version-history":[{"count":1,"href":"https:\/\/www.icetol.com\/index.php?rest_route=\/wp\/v2\/pages\/1508\/revisions"}],"predecessor-version":[{"id":1524,"href":"https:\/\/www.icetol.com\/index.php?rest_route=\/wp\/v2\/pages\/1508\/revisions\/1524"}],"wp:attachment":[{"href":"https:\/\/www.icetol.com\/index.php?rest_route=%2Fwp%2Fv2%2Fmedia&parent=1508"}],"curies":[{"name":"wp","href":"https:\/\/api.w.org\/{rel}","templated":true}]}}