{"id":1511,"date":"2022-09-20T13:27:38","date_gmt":"2022-09-20T10:27:38","guid":{"rendered":"https:\/\/www.icetol.com\/?page_id=1511"},"modified":"2022-09-20T13:31:58","modified_gmt":"2022-09-20T10:31:58","slug":"organizing-committee-2022","status":"publish","type":"page","link":"https:\/\/www.icetol.com\/?page_id=1511","title":{"rendered":"Organizing Committee 2022"},"content":{"rendered":"<table style=\"text-align: center;\">\n<tbody>\n<tr>\n<td style=\"vertical-align:top;\"><img decoding=\"async\" class=\"size-medium wp-image-176 aligncenter\" src=\"https:\/\/www.icetol.com\/wp-content\/uploads\/2021\/06\/gurhan.png\" alt=\"\"  height=\"200\" srcset=\"https:\/\/www.icetol.com\/wp-content\/uploads\/2021\/06\/gurhan.png 200w, https:\/\/www.icetol.com\/wp-content\/uploads\/2021\/06\/gurhan-100x100.png 100w, https:\/\/www.icetol.com\/wp-content\/uploads\/2021\/06\/gurhan-150x150.png 150w\" sizes=\"(max-width: 200px) 100vw, 200px\" \/><\/p>\n<p style=\"text-align: center;\">Dr. G\u00fcrhan Durak<br \/>\nBal\u0131kesir University<br \/>\n<strong>(Conference Chair)<\/strong><\/p>\n<\/td>\n<td style=\"vertical-align:top;\"><img decoding=\"async\" class=\"wp-image-173 aligncenter\" src=\"https:\/\/www.icetol.com\/wp-content\/uploads\/2021\/06\/serkan-e1644316674381.jpg\" alt=\"\"  height=\"200\" \/><\/p>\n<p style=\"text-align: center;\">Dr. Serkan \u00c7ankaya<br \/>\n\u0130zmir Demokrasi University<\/p>\n<\/td>\n<td style=\"vertical-align:top;\"><img decoding=\"async\" class=\"size-medium wp-image-172 aligncenter\" src=\"https:\/\/www.icetol.com\/wp-content\/uploads\/2021\/06\/abidin.jpg\" alt=\"\"  height=\"200\" srcset=\"https:\/\/www.icetol.com\/wp-content\/uploads\/2021\/06\/abidin.jpg 200w, https:\/\/www.icetol.com\/wp-content\/uploads\/2021\/06\/abidin-100x100.jpg 100w, https:\/\/www.icetol.com\/wp-content\/uploads\/2021\/06\/abidin-150x150.jpg 150w\" sizes=\"(max-width: 200px) 100vw, 200px\" \/><\/p>\n<p style=\"text-align: center;\">Dr. Z. Abidin M\u0131s\u0131rl\u0131<br \/>\nBal\u0131kesir University<\/p>\n<\/td>\n<\/tr>\n<tr>\n<td><\/td>\n<\/tr>\n<tr>\n<td><img decoding=\"async\" class=\"size-full wp-image-175 aligncenter\" src=\"https:\/\/www.icetol.com\/wp-content\/uploads\/2021\/06\/burcin.jpg\" alt=\"\" height=\"200\" srcset=\"https:\/\/www.icetol.com\/wp-content\/uploads\/2021\/06\/burcin.jpg 200w, https:\/\/www.icetol.com\/wp-content\/uploads\/2021\/06\/burcin-100x100.jpg 100w, https:\/\/www.icetol.com\/wp-content\/uploads\/2021\/06\/burcin-150x150.jpg 150w\" sizes=\"(max-width: 200px) 100vw, 200px\" \/><\/p>\n<p style=\"text-align: center;\">\nDr. Nazire Bur\u00e7in Hamuto\u011flu<br \/>\nEski\u015fehir Technical University<\/p>\n<\/td>\n<td><img decoding=\"async\" class=\"size-full wp-image-174 aligncenter\" src=\"https:\/\/www.icetol.com\/wp-content\/uploads\/2021\/06\/hasan.jpg\" alt=\"\" height=\"200\" srcset=\"https:\/\/www.icetol.com\/wp-content\/uploads\/2021\/06\/hasan.jpg 200w, https:\/\/www.icetol.com\/wp-content\/uploads\/2021\/06\/hasan-100x100.jpg 100w, https:\/\/www.icetol.com\/wp-content\/uploads\/2021\/06\/hasan-150x150.jpg 150w\" sizes=\"(max-width: 200px) 100vw, 200px\" \/><\/p>\n<p style=\"text-align: center;\">Dr. Hasan U\u00e7ar<br \/>\nAnadolu University<\/p>\n<\/td>\n<td style=\"text-align: center;\"><img loading=\"lazy\" decoding=\"async\" width=\"200\" height=\"200\" class=\"size-full wp-image-171 aligncenter\"  src=\"https:\/\/www.icetol.com\/wp-content\/uploads\/2021\/06\/aras.jpg\" alt=\"\"height=\"200\" srcset=\"https:\/\/www.icetol.com\/wp-content\/uploads\/2021\/06\/aras.jpg 200w, https:\/\/www.icetol.com\/wp-content\/uploads\/2021\/06\/aras-100x100.jpg 100w, https:\/\/www.icetol.com\/wp-content\/uploads\/2021\/06\/aras-150x150.jpg 150w\" sizes=\"auto, (max-width: 200px) 100vw, 200px\" \/><\/p>\n<p style=\"text-align: center;\">\nDr. Aras Bozkurt<br \/>\nAnadolu University<\/p>\n<\/td>\n<\/tr>\n<\/tbody>\n<\/table>\n<p>&nbsp;<\/p>\n","protected":false},"excerpt":{"rendered":"<p>Dr. G\u00fcrhan Durak Bal\u0131kesir University (Conference Chair) Dr. Serkan \u00c7ankaya \u0130zmir Demokrasi University Dr. Z. Abidin M\u0131s\u0131rl\u0131 Bal\u0131kesir University Dr. Nazire Bur\u00e7in Hamuto\u011flu Eski\u015fehir Technical University Dr. Hasan U\u00e7ar Anadolu University Dr. Aras Bozkurt Anadolu University &nbsp;<\/p>\n","protected":false},"author":1,"featured_media":0,"parent":0,"menu_order":0,"comment_status":"closed","ping_status":"closed","template":"","meta":{"inline_featured_image":false,"_monsterinsights_skip_tracking":false,"_monsterinsights_sitenote_active":false,"_monsterinsights_sitenote_note":"","_monsterinsights_sitenote_category":0,"ngg_post_thumbnail":0,"footnotes":""},"class_list":["post-1511","page","type-page","status-publish","hentry"],"_links":{"self":[{"href":"https:\/\/www.icetol.com\/index.php?rest_route=\/wp\/v2\/pages\/1511","targetHints":{"allow":["GET"]}}],"collection":[{"href":"https:\/\/www.icetol.com\/index.php?rest_route=\/wp\/v2\/pages"}],"about":[{"href":"https:\/\/www.icetol.com\/index.php?rest_route=\/wp\/v2\/types\/page"}],"author":[{"embeddable":true,"href":"https:\/\/www.icetol.com\/index.php?rest_route=\/wp\/v2\/users\/1"}],"replies":[{"embeddable":true,"href":"https:\/\/www.icetol.com\/index.php?rest_route=%2Fwp%2Fv2%2Fcomments&post=1511"}],"version-history":[{"count":1,"href":"https:\/\/www.icetol.com\/index.php?rest_route=\/wp\/v2\/pages\/1511\/revisions"}],"predecessor-version":[{"id":1526,"href":"https:\/\/www.icetol.com\/index.php?rest_route=\/wp\/v2\/pages\/1511\/revisions\/1526"}],"wp:attachment":[{"href":"https:\/\/www.icetol.com\/index.php?rest_route=%2Fwp%2Fv2%2Fmedia&parent=1511"}],"curies":[{"name":"wp","href":"https:\/\/api.w.org\/{rel}","templated":true}]}}