{"id":1857,"date":"2023-03-20T16:05:21","date_gmt":"2023-03-20T13:05:21","guid":{"rendered":"https:\/\/www.icetol.com\/?page_id=1857"},"modified":"2023-03-20T16:08:47","modified_gmt":"2023-03-20T13:08:47","slug":"secretariat","status":"publish","type":"page","link":"https:\/\/www.icetol.com\/?page_id=1857","title":{"rendered":"Secretariat"},"content":{"rendered":"<table style=\"text-align: center;\">\n<tbody>\n<tr>\n<td style=\"vertical-align: top;\"><img loading=\"lazy\" decoding=\"async\" class=\"wp-image-173 aligncenter\" src=\"https:\/\/www.icetol.com\/wp-content\/uploads\/2023\/03\/sedacan.jpeg\" alt=\"\" width=\"151\" height=\"201\"><\/p>\n<p style=\"text-align: center;\">Seda Can<br \/>\nBal\u0131kesir \u00dcniversitesi<\/p>\n<\/td>\n<td style=\"vertical-align: top;\"><img loading=\"lazy\" decoding=\"async\" class=\" wp-image-175 aligncenter\" src=\"https:\/\/www.icetol.com\/wp-content\/uploads\/2023\/03\/damla.jpeg\" alt=\"\" width=\"180\" height=\"202\"><\/p>\n<p style=\"text-align: center;\">Damla \u00d6zdemir<br \/>\nBal\u0131kesir \u00dcniversitesi<\/p>\n<\/td>\n<\/tr>\n<\/tbody>\n<\/table>\n<p>&nbsp;<\/p>\n","protected":false},"excerpt":{"rendered":"<p>Seda Can Bal\u0131kesir \u00dcniversitesi Damla \u00d6zdemir Bal\u0131kesir \u00dcniversitesi &nbsp;<\/p>\n","protected":false},"author":1,"featured_media":0,"parent":0,"menu_order":0,"comment_status":"closed","ping_status":"closed","template":"","meta":{"inline_featured_image":false,"_monsterinsights_skip_tracking":false,"_monsterinsights_sitenote_active":false,"_monsterinsights_sitenote_note":"","_monsterinsights_sitenote_category":0,"ngg_post_thumbnail":0,"footnotes":""},"class_list":["post-1857","page","type-page","status-publish","hentry"],"_links":{"self":[{"href":"https:\/\/www.icetol.com\/index.php?rest_route=\/wp\/v2\/pages\/1857","targetHints":{"allow":["GET"]}}],"collection":[{"href":"https:\/\/www.icetol.com\/index.php?rest_route=\/wp\/v2\/pages"}],"about":[{"href":"https:\/\/www.icetol.com\/index.php?rest_route=\/wp\/v2\/types\/page"}],"author":[{"embeddable":true,"href":"https:\/\/www.icetol.com\/index.php?rest_route=\/wp\/v2\/users\/1"}],"replies":[{"embeddable":true,"href":"https:\/\/www.icetol.com\/index.php?rest_route=%2Fwp%2Fv2%2Fcomments&post=1857"}],"version-history":[{"count":4,"href":"https:\/\/www.icetol.com\/index.php?rest_route=\/wp\/v2\/pages\/1857\/revisions"}],"predecessor-version":[{"id":1863,"href":"https:\/\/www.icetol.com\/index.php?rest_route=\/wp\/v2\/pages\/1857\/revisions\/1863"}],"wp:attachment":[{"href":"https:\/\/www.icetol.com\/index.php?rest_route=%2Fwp%2Fv2%2Fmedia&parent=1857"}],"curies":[{"name":"wp","href":"https:\/\/api.w.org\/{rel}","templated":true}]}}