{"id":22,"date":"2021-05-28T02:47:15","date_gmt":"2021-05-27T23:47:15","guid":{"rendered":"http:\/\/www.icetol.com\/?page_id=22"},"modified":"2026-04-16T09:29:40","modified_gmt":"2026-04-16T06:29:40","slug":"registration-fee","status":"publish","type":"page","link":"https:\/\/www.icetol.com\/?page_id=22","title":{"rendered":"Registration Fees &#038; Payment"},"content":{"rendered":"<div style=\"margin-bottom:24px; padding:20px; background:#fff8e8; border:1px solid #f3d485; border-radius:12px;\">\n<div style=\"margin-bottom:8px; font-size:18px; font-weight:bold; color:#173d6b;\">Important Notice<\/div>\n<p style=\"margin:0; color:#6f5620;\"><strong>As stated on the Payment Information and Cancellation Policy page, no refunds will be issued under any circumstances after April 1, 2026. Participants who wish to change their participation type are kindly advised to take this policy into consideration.<\/strong><\/p>\n<\/div>\n<div style=\"margin-bottom:24px; padding:20px; background:#ffffff; border:1px solid #dbe6f2; border-radius:12px;\">\n<div style=\"margin-bottom:14px; font-size:18px; font-weight:bold; color:#173d6b;\">Registration Fees<\/div>\n<div style=\"overflow-x:auto;\">\n<table style=\"width:100%; min-width:780px; border-collapse:collapse;\">\n<tbody>\n<tr style=\"background:#173d6b; color:#ffffff;\">\n<td style=\"padding:14px 16px; border:1px solid #dbe6f2; font-weight:bold;\">Presentation Type<\/td>\n<td style=\"padding:14px 16px; border:1px solid #dbe6f2; font-weight:bold;\">Participant Category<\/td>\n<td style=\"padding:14px 16px; border:1px solid #dbe6f2; font-weight:bold; color:#7f8c9a; background:#eef2f6;\">\n            <s>Until April 15, 2026<br \/>Early Bird Registration<\/s>\n          <\/td>\n<td style=\"padding:14px 16px; border:1px solid #dbe6f2; font-weight:bold; color:#ffffff; background:#1f7a3e;\">\n            From April 16, 2026<br \/>Normal Registration\n          <\/td>\n<\/tr>\n<tr style=\"background:#ffffff;\">\n<td rowspan=\"2\" style=\"padding:14px 16px; border:1px solid #dbe6f2; font-weight:bold; color:#173d6b;\">Face-to-Face<\/td>\n<td style=\"padding:14px 16px; border:1px solid #dbe6f2;\">Standard<\/td>\n<td style=\"padding:14px 16px; border:1px solid #dbe6f2; color:#7f8c9a; font-weight:bold; background:#eef2f6;\"><s>100 EUR (5000 TRY)<\/s><\/td>\n<td style=\"padding:14px 16px; border:1px solid #dbe6f2; color:#1f7a3e; font-weight:bold; background:#eefbf2;\">150 EUR (7500 TRY)<\/td>\n<\/tr>\n<tr style=\"background:#f9fbfe;\">\n<td style=\"padding:14px 16px; border:1px solid #dbe6f2;\">Grad. Student<\/td>\n<td style=\"padding:14px 16px; border:1px solid #dbe6f2; color:#7f8c9a; font-weight:bold; background:#eef2f6;\"><s>75 EUR (3750 TRY)<\/s><\/td>\n<td style=\"padding:14px 16px; border:1px solid #dbe6f2; color:#1f7a3e; font-weight:bold; background:#eefbf2;\">100 EUR (5000 TRY)<\/td>\n<\/tr>\n<tr style=\"background:#ffffff;\">\n<td rowspan=\"2\" style=\"padding:14px 16px; border:1px solid #dbe6f2; font-weight:bold; color:#173d6b;\">Virtual \/ Video<\/td>\n<td style=\"padding:14px 16px; border:1px solid #dbe6f2;\">Standard<\/td>\n<td style=\"padding:14px 16px; border:1px solid #dbe6f2; color:#7f8c9a; font-weight:bold; background:#eef2f6;\"><s>50 EUR (2500 TRY)<\/s><\/td>\n<td style=\"padding:14px 16px; border:1px solid #dbe6f2; color:#1f7a3e; font-weight:bold; background:#eefbf2;\">75 EUR (3750 TRY)<\/td>\n<\/tr>\n<tr style=\"background:#f9fbfe;\">\n<td style=\"padding:14px 16px; border:1px solid #dbe6f2;\">Grad. Student<\/td>\n<td style=\"padding:14px 16px; border:1px solid #dbe6f2; color:#7f8c9a; font-weight:bold; background:#eef2f6;\"><s>40 EUR (2000 TRY)<\/s><\/td>\n<td style=\"padding:14px 16px; border:1px solid #dbe6f2; color:#1f7a3e; font-weight:bold; background:#eefbf2;\">60 EUR (3000 TRY)<\/td>\n<\/tr>\n<tr style=\"background:#ffffff;\">\n<td rowspan=\"2\" style=\"padding:14px 16px; border:1px solid #dbe6f2; font-weight:bold; color:#173d6b;\">Audience (On site)<\/td>\n<td style=\"padding:14px 16px; border:1px solid #dbe6f2;\">Standard<\/td>\n<td style=\"padding:14px 16px; border:1px solid #dbe6f2; color:#7f8c9a; font-weight:bold; background:#eef2f6;\"><s>75 EUR (3750 TRY)<\/s><\/td>\n<td style=\"padding:14px 16px; border:1px solid #dbe6f2; color:#1f7a3e; font-weight:bold; background:#eefbf2;\">100 EUR (5000 TRY)<\/td>\n<\/tr>\n<tr style=\"background:#f9fbfe;\">\n<td style=\"padding:14px 16px; border:1px solid #dbe6f2;\">Grad. Student<\/td>\n<td style=\"padding:14px 16px; border:1px solid #dbe6f2; color:#7f8c9a; font-weight:bold; background:#eef2f6;\"><s>50 EUR (2500 TRY)<\/s><\/td>\n<td style=\"padding:14px 16px; border:1px solid #dbe6f2; color:#1f7a3e; font-weight:bold; background:#eefbf2;\">75 EUR (3750 TRY)<\/td>\n<\/tr>\n<tr style=\"background:#eef6ff;\">\n<td style=\"padding:14px 16px; border:1px solid #dbe6f2; font-weight:bold; color:#173d6b;\">Audience (Virtual)<\/td>\n<td style=\"padding:14px 16px; border:1px solid #dbe6f2; font-weight:bold;\">All Groups<\/td>\n<td colspan=\"2\" style=\"padding:14px 16px; border:1px solid #dbe6f2; background:#eefbf2;\">\n            <a href=\"https:\/\/forms.gle\/Wh97kvHrtG49ynN58\" style=\"color:#1f7a3e; text-decoration:none; font-weight:bold;\">Register for Free<\/a>\n          <\/td>\n<\/tr>\n<\/tbody>\n<\/table><\/div>\n<\/div>\n<div style=\"margin-bottom:24px; padding:16px 18px; background:#f0f7ff; border:1px solid #d7e8ff; border-left:5px solid #2874f0; border-radius:10px;\">\n<p style=\"margin:0; color:#425164;\"><strong>Only participants from T\u00fcrkiye may make payments in Turkish Lira (TRY).<\/strong> Payments in TRY can be made only via bank transfer (EFT\/Havale). Credit card payments are processed in Euros (EUR), and the system does not allow participants from T\u00fcrkiye to pay by credit card.<\/p>\n<\/div>\n<div style=\"margin-bottom:24px; padding:20px; background:#ffffff; border:1px solid #dbe6f2; border-radius:12px;\">\n<div style=\"margin-bottom:10px; font-size:18px; font-weight:bold; color:#173d6b;\">Notes<\/div>\n<ul style=\"margin:0; padding-left:20px;\">\n<li style=\"margin-bottom:8px;\">One author registration can cover a maximum of 3 papers. Additional papers will cost 50 Euro each.<\/li>\n<li style=\"margin-bottom:8px;\">If other authors in multi-authored papers want to attend the conference face to face, they must register as an audience in order to benefit from the facilities of the conference. Other authors in multi-authored papers can join virtual sessions free of charge.<\/li>\n<li style=\"margin-bottom:8px;\">Graduate students must provide proof of student status. The student ID should be sent to <strong>icetol.secretariat@gmail.com<\/strong>.<\/li>\n<li>For other requests, please contact <strong>icetol.secretariat@gmail.com<\/strong>.<\/li>\n<\/ul>\n<\/div>\n<div style=\"margin-bottom:24px; padding:20px; background:#ffffff; border:1px solid #dbe6f2; border-radius:12px;\">\n<div style=\"margin-bottom:14px; font-size:18px; font-weight:bold; color:#173d6b;\">Registration Fee Includes<\/div>\n<div style=\"overflow-x:auto;\">\n<table style=\"width:100%; min-width:720px; border-collapse:collapse;\">\n<tbody>\n<tr style=\"background:#f0f7ff;\">\n<td style=\"padding:12px 14px; border:1px solid #dbe6f2; font-weight:bold; color:#173d6b;\">Item<\/td>\n<td style=\"padding:12px 14px; border:1px solid #dbe6f2; text-align:center; font-weight:bold; color:#173d6b;\">Face-to-Face Presentation<\/td>\n<td style=\"padding:12px 14px; border:1px solid #dbe6f2; text-align:center; font-weight:bold; color:#173d6b;\">Virtual Presentation<\/td>\n<td style=\"padding:12px 14px; border:1px solid #dbe6f2; text-align:center; font-weight:bold; color:#173d6b;\">Audience<\/td>\n<\/tr>\n<tr>\n<td style=\"padding:12px 14px; border:1px solid #dbe6f2;\">Participation in all scientific activities<\/td>\n<td style=\"padding:12px 14px; border:1px solid #dbe6f2; text-align:center;\">Yes<\/td>\n<td style=\"padding:12px 14px; border:1px solid #dbe6f2; text-align:center;\">Yes<\/td>\n<td style=\"padding:12px 14px; border:1px solid #dbe6f2; text-align:center;\">Yes<\/td>\n<\/tr>\n<tr style=\"background:#f9fbfe;\">\n<td style=\"padding:12px 14px; border:1px solid #dbe6f2;\">Welcome reception<\/td>\n<td style=\"padding:12px 14px; border:1px solid #dbe6f2; text-align:center;\">Yes<\/td>\n<td style=\"padding:12px 14px; border:1px solid #dbe6f2; text-align:center;\">&#8211;<\/td>\n<td style=\"padding:12px 14px; border:1px solid #dbe6f2; text-align:center;\">Yes<\/td>\n<\/tr>\n<tr>\n<td style=\"padding:12px 14px; border:1px solid #dbe6f2;\">Opportunity to publish full paper in proceeding book or sponsored journals<\/td>\n<td style=\"padding:12px 14px; border:1px solid #dbe6f2; text-align:center;\">Yes<\/td>\n<td style=\"padding:12px 14px; border:1px solid #dbe6f2; text-align:center;\">Yes<\/td>\n<td style=\"padding:12px 14px; border:1px solid #dbe6f2; text-align:center;\">&#8211;<\/td>\n<\/tr>\n<tr style=\"background:#f9fbfe;\">\n<td style=\"padding:12px 14px; border:1px solid #dbe6f2;\">Participant ID Card<\/td>\n<td style=\"padding:12px 14px; border:1px solid #dbe6f2; text-align:center;\">Yes<\/td>\n<td style=\"padding:12px 14px; border:1px solid #dbe6f2; text-align:center;\">&#8211;<\/td>\n<td style=\"padding:12px 14px; border:1px solid #dbe6f2; text-align:center;\">Yes<\/td>\n<\/tr>\n<tr>\n<td style=\"padding:12px 14px; border:1px solid #dbe6f2;\">Online Abstract Book<\/td>\n<td style=\"padding:12px 14px; border:1px solid #dbe6f2; text-align:center;\">Yes<\/td>\n<td style=\"padding:12px 14px; border:1px solid #dbe6f2; text-align:center;\">Yes<\/td>\n<td style=\"padding:12px 14px; border:1px solid #dbe6f2; text-align:center;\">Yes<\/td>\n<\/tr>\n<tr style=\"background:#f9fbfe;\">\n<td style=\"padding:12px 14px; border:1px solid #dbe6f2;\">Online Proceedings Book<\/td>\n<td style=\"padding:12px 14px; border:1px solid #dbe6f2; text-align:center;\">Yes<\/td>\n<td style=\"padding:12px 14px; border:1px solid #dbe6f2; text-align:center;\">Yes<\/td>\n<td style=\"padding:12px 14px; border:1px solid #dbe6f2; text-align:center;\">Yes<\/td>\n<\/tr>\n<tr>\n<td style=\"padding:12px 14px; border:1px solid #dbe6f2;\">Printed\/Digital Certificate of Attendance<\/td>\n<td style=\"padding:12px 14px; border:1px solid #dbe6f2; text-align:center;\">Yes<\/td>\n<td style=\"padding:12px 14px; border:1px solid #dbe6f2; text-align:center;\">Yes<\/td>\n<td style=\"padding:12px 14px; border:1px solid #dbe6f2; text-align:center;\">Yes<\/td>\n<\/tr>\n<tr style=\"background:#f9fbfe;\">\n<td style=\"padding:12px 14px; border:1px solid #dbe6f2;\">Digital Conference Program<\/td>\n<td style=\"padding:12px 14px; border:1px solid #dbe6f2; text-align:center;\">Yes<\/td>\n<td style=\"padding:12px 14px; border:1px solid #dbe6f2; text-align:center;\">Yes<\/td>\n<td style=\"padding:12px 14px; border:1px solid #dbe6f2; text-align:center;\">Yes<\/td>\n<\/tr>\n<tr>\n<td style=\"padding:12px 14px; border:1px solid #dbe6f2;\">Tea, coffee, cookie, and beverage service during conference period<\/td>\n<td style=\"padding:12px 14px; border:1px solid #dbe6f2; text-align:center;\">Yes<\/td>\n<td style=\"padding:12px 14px; border:1px solid #dbe6f2; text-align:center;\">&#8211;<\/td>\n<td style=\"padding:12px 14px; border:1px solid #dbe6f2; text-align:center;\">Yes<\/td>\n<\/tr>\n<\/tbody>\n<\/table><\/div>\n<\/div>\n<div style=\"margin-bottom:24px; padding:20px; background:#ffffff; border:1px solid #dbe6f2; border-radius:12px;\">\n<div style=\"margin-bottom:10px; font-size:18px; font-weight:bold; color:#173d6b;\">Payment<\/div>\n<p style=\"margin:0 0 12px 0;\">Please pay the registration fee by wire transfer or by credit card. For the registration fee, please write <strong>&#8220;Paper ID, Name Surname&#8221;<\/strong> as the explanation. For questions, contact <strong>icetol.secretariat@gmail.com<\/strong>.<\/p>\n<div style=\"display:flex; flex-wrap:wrap; gap:18px; margin-bottom:16px;\">\n<div style=\"flex:1 1 280px; padding:18px 20px; background:#f9fbfe; border:1px solid #dbe6f2; border-left:5px solid #173d6b; border-radius:12px;\">\n<div style=\"margin-bottom:8px; font-size:17px; font-weight:bold; color:#173d6b;\">EUR Account<\/div>\n<div style=\"margin-bottom:4px;\"><strong>Name:<\/strong> Mustafa BOLAT<\/div>\n<div style=\"margin-bottom:4px;\"><strong>IBAN:<\/strong> TR69 0006 2000 6930 0009 0756 02<\/div>\n<div style=\"margin-bottom:4px;\"><strong>SWIFT:<\/strong> TGBATRIS<\/div>\n<div style=\"margin-bottom:4px;\"><strong>Bank:<\/strong> T\u00fcrkiye Garanti Bankas\u0131 A.\u015e.<\/div>\n<div><strong>Bank Address:<\/strong> Nisbetiye Mahallesi Aytar Caddesi No:2 34340 Be\u015fikta\u015f, \u0130stanbul<\/div>\n<\/p><\/div>\n<div style=\"flex:1 1 280px; padding:18px 20px; background:#f9fbfe; border:1px solid #dbe6f2; border-left:5px solid #24548d; border-radius:12px;\">\n<div style=\"margin-bottom:8px; font-size:17px; font-weight:bold; color:#173d6b;\">TRY Account<\/div>\n<div style=\"margin-bottom:4px;\"><strong>Name:<\/strong> Mustafa BOLAT<\/div>\n<div style=\"margin-bottom:4px;\"><strong>IBAN:<\/strong> TR13 0006 2000 6930 0006 2947 47<\/div>\n<div><strong>Bank:<\/strong> T\u00fcrkiye Garanti Bankas\u0131 A.\u015e.<\/div>\n<\/p><\/div>\n<\/p><\/div>\n<div style=\"margin-bottom:16px; padding:16px 18px; background:#fff8e8; border:1px solid #f3d485; border-radius:10px; color:#6f5620;\">\n    <strong>Credit card payments are processed in Euros (EUR), and the system does not allow participants from T\u00fcrkiye to pay in EUR by credit card.<\/strong>\n  <\/div>\n<div style=\"display:flex; flex-wrap:wrap; gap:12px;\">\n    <a href=\"https:\/\/www.icetol.com\/?product_cat=uncategorized\" style=\"display:inline-block; padding:12px 18px; background:#173d6b; color:#ffffff; text-decoration:none; font-weight:bold; border-radius:999px;\">Registration Fees<\/a><br \/>\n    <a href=\"https:\/\/www.icetol.com\/?page_id=952\" style=\"display:inline-block; padding:12px 18px; background:#f0f7ff; color:#173d6b; text-decoration:none; font-weight:bold; border:1px solid #d7e8ff; border-radius:999px;\">Cart<\/a>\n  <\/div>\n<\/div>\n","protected":false},"excerpt":{"rendered":"<p>Important Notice As stated on the Payment Information and Cancellation Policy page, no refunds will be issued under any circumstances after April 1, 2026. Participants who wish to change their participation type are kindly advised to take this policy into consideration. Registration Fees Presentation Type Participant Category Until April 15, 2026Early Bird Registration From April [&hellip;]<\/p>\n","protected":false},"author":1,"featured_media":0,"parent":0,"menu_order":0,"comment_status":"closed","ping_status":"closed","template":"","meta":{"inline_featured_image":false,"_monsterinsights_skip_tracking":false,"_monsterinsights_sitenote_active":false,"_monsterinsights_sitenote_note":"","_monsterinsights_sitenote_category":0,"ngg_post_thumbnail":0,"footnotes":""},"class_list":["post-22","page","type-page","status-publish","hentry"],"_links":{"self":[{"href":"https:\/\/www.icetol.com\/index.php?rest_route=\/wp\/v2\/pages\/22","targetHints":{"allow":["GET"]}}],"collection":[{"href":"https:\/\/www.icetol.com\/index.php?rest_route=\/wp\/v2\/pages"}],"about":[{"href":"https:\/\/www.icetol.com\/index.php?rest_route=\/wp\/v2\/types\/page"}],"author":[{"embeddable":true,"href":"https:\/\/www.icetol.com\/index.php?rest_route=\/wp\/v2\/users\/1"}],"replies":[{"embeddable":true,"href":"https:\/\/www.icetol.com\/index.php?rest_route=%2Fwp%2Fv2%2Fcomments&post=22"}],"version-history":[{"count":304,"href":"https:\/\/www.icetol.com\/index.php?rest_route=\/wp\/v2\/pages\/22\/revisions"}],"predecessor-version":[{"id":4362,"href":"https:\/\/www.icetol.com\/index.php?rest_route=\/wp\/v2\/pages\/22\/revisions\/4362"}],"wp:attachment":[{"href":"https:\/\/www.icetol.com\/index.php?rest_route=%2Fwp%2Fv2%2Fmedia&parent=22"}],"curies":[{"name":"wp","href":"https:\/\/api.w.org\/{rel}","templated":true}]}}