{"id":2416,"date":"2023-10-03T16:50:08","date_gmt":"2023-10-03T13:50:08","guid":{"rendered":"https:\/\/www.icetol.com\/?page_id=2416"},"modified":"2023-10-03T16:50:43","modified_gmt":"2023-10-03T13:50:43","slug":"accomodation-transportation-2023","status":"publish","type":"page","link":"https:\/\/www.icetol.com\/?page_id=2416","title":{"rendered":"Accomodation &#038; Transportation 2023"},"content":{"rendered":"<p>The conference will be held at Cunda Uygulama Hotel, Ayval\u0131k. The hotel is located in the Cunda\/Ayval\u0131k district of Balikesir province. Ayval\u0131k is a coastal district of Balikesir Province in the Aegean region of Turkey. The nearest airport is Edremit Koca Seyit Airport, which is 30 minutes away by car. There are scheduled flights to Balikesir Edremit Koca Seyit Airport departing from Ankara and Istanbul. You can also get to Ayval\u0131k by buses departing from Bal\u0131kesir, \u0130zmir, \u00c7anakkale, Bursa, \u0130stanbul and Ankara.<\/p>\n<div><img loading=\"lazy\" decoding=\"async\" class=\"wp-image-1967 alignleft\" src=\"https:\/\/www.icetol.com\/wp-content\/uploads\/2023\/04\/thy2.png?_t=1681418110\" alt=\"\" width=\"261\" height=\"75\" srcset=\"https:\/\/www.icetol.com\/wp-content\/uploads\/2023\/04\/thy2.png 512w, https:\/\/www.icetol.com\/wp-content\/uploads\/2023\/04\/thy2-300x86.png 300w\" sizes=\"auto, (max-width: 261px) 100vw, 261px\" \/>Turkish Airlines is the official airline of <strong>ICETOL,<\/strong>&nbsp;special discounts are offered for all delegates for international flights only. There is no discount for domestic flights. To proceed with the online booking tool, please visit <a href=\"https:\/\/www.turkishairlines.com\/en-int\/flights\/booking\/promocode\/\" target=\"_blank\" rel=\"noopener\">Turkish Airlines promocode website <\/a> and use the event code <strong>\u201c037TKM23\u201d<\/strong> under the Promotion code section.<\/div>\n<div style=\"clear: both;\"><strong>Hotel Information<\/strong><\/div>\n<p>Participants who want to stay at the conference hotel should click on the link below and fill out the form.<br \/>\n<a href=\"https:\/\/forms.gle\/Tfkcf5Zx9chR9Kb5A\">Conference Hotel Room Request Form<\/a><\/p>\n<p><img decoding=\"async\" src=\"https:\/\/1.bp.blogspot.com\/-8tT3U1M-ySs\/YFxv_BLWCkI\/AAAAAAAApuE\/m9E9hIbZZdkpaZSRwMSnLU4vz08W8nZ6gCLcBGAsYHQ\/s2048\/cunda-otel-fiyat-new-min.JPG\"><\/p>\n<p><a href=\"https:\/\/ayvalikotml.meb.k12.tr\/icerikler\/uygulama-oteli_648948.html\" target=\"_blank\" rel=\"noopener\">Cunda Uygulama Hotel, Ayval\u0131k \u2013 Symposium Hotel<\/a><\/p>\n<p><strong>Address:&nbsp;<\/strong>Mithatpa\u015fa Mh. 15 Eyl\u00fcl Cd. 1. Sokak No:8 Ayval\u0131k, Bal\u0131kesir\/T\u00fcrkiye (Cunda Island)<br \/>\n<strong>Telephone:<\/strong> +90(266)331 40 90\/331 10 22\/331 10 23<\/p>\n<p><iframe loading=\"lazy\" style=\"border: 0;\" src=\"https:\/\/www.google.com\/maps\/embed?pb=!1m28!1m12!1m3!1d197201.76016840636!2d26.714789190971548!3d39.4404594348786!2m3!1f0!2f0!3f0!3m2!1i1024!2i768!4f13.1!4m13!3e0!4m5!1s0x14b0b7a0c87b7145%3A0x6b786dd89ccd2eb!2sBostanc%C4%B1%2C%20Balikesir%20Koca%20Seyit%20Airport%2C%20Edremit%2FBal%C4%B1kesir!3m2!1d39.5489677!2d27.011776299999998!4m5!1s0x14ba7605f6c3e025%3A0xf80538399a412d48!2sYeni%2C%20Cunda%20Uygulama%20Oteli%2C%2015%20Eyl%C3%BCl%20Cd.%20No%3A8%2C%2010400%20Ayval%C4%B1k%2FBal%C4%B1kesir!3m2!1d39.346444399999996!2d26.6956222!5e0!3m2!1str!2str!4v1623766143654!5m2!1str!2str\" width=\"600\" height=\"450\" allowfullscreen=\"allowfullscreen\" data-mce-fragment=\"1\"><\/iframe><\/p>\n<p>&nbsp;<\/p>\n","protected":false},"excerpt":{"rendered":"<p>The conference will be held at Cunda Uygulama Hotel, Ayval\u0131k. The hotel is located in the Cunda\/Ayval\u0131k district of Balikesir province. Ayval\u0131k is a coastal district of Balikesir Province in the Aegean region of Turkey. The nearest airport is Edremit Koca Seyit Airport, which is 30 minutes away by car. There are scheduled flights to [&hellip;]<\/p>\n","protected":false},"author":1,"featured_media":0,"parent":0,"menu_order":0,"comment_status":"closed","ping_status":"closed","template":"","meta":{"inline_featured_image":false,"_monsterinsights_skip_tracking":false,"_monsterinsights_sitenote_active":false,"_monsterinsights_sitenote_note":"","_monsterinsights_sitenote_category":0,"ngg_post_thumbnail":0,"footnotes":""},"class_list":["post-2416","page","type-page","status-publish","hentry"],"_links":{"self":[{"href":"https:\/\/www.icetol.com\/index.php?rest_route=\/wp\/v2\/pages\/2416","targetHints":{"allow":["GET"]}}],"collection":[{"href":"https:\/\/www.icetol.com\/index.php?rest_route=\/wp\/v2\/pages"}],"about":[{"href":"https:\/\/www.icetol.com\/index.php?rest_route=\/wp\/v2\/types\/page"}],"author":[{"embeddable":true,"href":"https:\/\/www.icetol.com\/index.php?rest_route=\/wp\/v2\/users\/1"}],"replies":[{"embeddable":true,"href":"https:\/\/www.icetol.com\/index.php?rest_route=%2Fwp%2Fv2%2Fcomments&post=2416"}],"version-history":[{"count":1,"href":"https:\/\/www.icetol.com\/index.php?rest_route=\/wp\/v2\/pages\/2416\/revisions"}],"predecessor-version":[{"id":2417,"href":"https:\/\/www.icetol.com\/index.php?rest_route=\/wp\/v2\/pages\/2416\/revisions\/2417"}],"wp:attachment":[{"href":"https:\/\/www.icetol.com\/index.php?rest_route=%2Fwp%2Fv2%2Fmedia&parent=2416"}],"curies":[{"name":"wp","href":"https:\/\/api.w.org\/{rel}","templated":true}]}}