{"id":2425,"date":"2024-04-07T00:35:58","date_gmt":"2024-04-06T21:35:58","guid":{"rendered":"https:\/\/www.icetol.com\/?page_id=2425"},"modified":"2024-04-07T00:35:58","modified_gmt":"2024-04-06T21:35:58","slug":"honorary-board-2023","status":"publish","type":"page","link":"https:\/\/www.icetol.com\/?page_id=2425","title":{"rendered":"Honorary Board  2023"},"content":{"rendered":"<table>\n<tbody>\n<tr>\n<td><img loading=\"lazy\" decoding=\"async\" class=\"alignnone wp-image-1938 size-full aligncenter\" src=\"https:\/\/www.icetol.com\/wp-content\/uploads\/2023\/04\/yucel.jpeg?_t=1681212003\" alt=\"\" width=\"441\" height=\"552\" srcset=\"https:\/\/www.icetol.com\/wp-content\/uploads\/2023\/04\/yucel.jpeg 441w, https:\/\/www.icetol.com\/wp-content\/uploads\/2023\/04\/yucel-240x300.jpeg 240w\" sizes=\"auto, (max-width: 441px) 100vw, 441px\" \/><\/p>\n<p style=\"text-align: center; font-weight: bold;\">Prof. Dr. Y\u00fccel O\u011eURLU<br \/>\nRector<br \/>\nBal\u0131kesir University<\/p>\n<\/td>\n<td><img loading=\"lazy\" decoding=\"async\" class=\"alignnone wp-image-1959 size-full\" src=\"https:\/\/www.icetol.com\/wp-content\/uploads\/2023\/04\/fuaterdal.png?_t=1681236587\" alt=\"\" width=\"450\" height=\"552\" srcset=\"https:\/\/www.icetol.com\/wp-content\/uploads\/2023\/04\/fuaterdal.png 450w, https:\/\/www.icetol.com\/wp-content\/uploads\/2023\/04\/fuaterdal-245x300.png 245w\" sizes=\"auto, (max-width: 450px) 100vw, 450px\" \/><\/p>\n<p style=\"text-align: center; font-weight: bold;\">Prof. Dr. Fuat ERDAL<br \/>\nRector<br \/>\nAnadolu University<\/p>\n<\/td>\n<\/tr>\n<tr>\n<td><img loading=\"lazy\" decoding=\"async\" class=\"alignnone wp-image-1939 aligncenter\" src=\"https:\/\/www.icetol.com\/wp-content\/uploads\/2023\/04\/mpine.jpeg?_t=1681212017\" alt=\"\" width=\"441\" height=\"553\" srcset=\"https:\/\/www.icetol.com\/wp-content\/uploads\/2023\/04\/mpine.jpeg 441w, https:\/\/www.icetol.com\/wp-content\/uploads\/2023\/04\/mpine-240x300.jpeg 240w\" sizes=\"auto, (max-width: 441px) 100vw, 441px\" \/><\/p>\n<p style=\"text-align: center; font-weight: bold;\">Prof. Dr. Mpine Makoe<br \/>\nExecutive Dean<br \/>\nCollege of Education at the University of South Africa<\/p>\n<\/td>\n<\/tr>\n<\/tbody>\n<\/table>\n","protected":false},"excerpt":{"rendered":"<p>Prof. Dr. Y\u00fccel O\u011eURLU Rector Bal\u0131kesir University Prof. Dr. Fuat ERDAL Rector Anadolu University Prof. Dr. Mpine Makoe Executive Dean College of Education at the University of South Africa<\/p>\n","protected":false},"author":1,"featured_media":0,"parent":0,"menu_order":0,"comment_status":"closed","ping_status":"closed","template":"","meta":{"inline_featured_image":false,"_monsterinsights_skip_tracking":false,"_monsterinsights_sitenote_active":false,"_monsterinsights_sitenote_note":"","_monsterinsights_sitenote_category":0,"ngg_post_thumbnail":0,"footnotes":""},"class_list":["post-2425","page","type-page","status-publish","hentry"],"_links":{"self":[{"href":"https:\/\/www.icetol.com\/index.php?rest_route=\/wp\/v2\/pages\/2425","targetHints":{"allow":["GET"]}}],"collection":[{"href":"https:\/\/www.icetol.com\/index.php?rest_route=\/wp\/v2\/pages"}],"about":[{"href":"https:\/\/www.icetol.com\/index.php?rest_route=\/wp\/v2\/types\/page"}],"author":[{"embeddable":true,"href":"https:\/\/www.icetol.com\/index.php?rest_route=\/wp\/v2\/users\/1"}],"replies":[{"embeddable":true,"href":"https:\/\/www.icetol.com\/index.php?rest_route=%2Fwp%2Fv2%2Fcomments&post=2425"}],"version-history":[{"count":1,"href":"https:\/\/www.icetol.com\/index.php?rest_route=\/wp\/v2\/pages\/2425\/revisions"}],"predecessor-version":[{"id":2584,"href":"https:\/\/www.icetol.com\/index.php?rest_route=\/wp\/v2\/pages\/2425\/revisions\/2584"}],"wp:attachment":[{"href":"https:\/\/www.icetol.com\/index.php?rest_route=%2Fwp%2Fv2%2Fmedia&parent=2425"}],"curies":[{"name":"wp","href":"https:\/\/api.w.org\/{rel}","templated":true}]}}