{"id":2429,"date":"2024-04-07T00:35:38","date_gmt":"2024-04-06T21:35:38","guid":{"rendered":"https:\/\/www.icetol.com\/?page_id=2429"},"modified":"2024-04-07T00:35:38","modified_gmt":"2024-04-06T21:35:38","slug":"panels-workshops-2023","status":"publish","type":"page","link":"https:\/\/www.icetol.com\/?page_id=2429","title":{"rendered":"Panels &#038; Workshops  2023"},"content":{"rendered":"<p><img loading=\"lazy\" decoding=\"async\" class=\"alignnone size-full wp-image-2109\" src=\"https:\/\/www.icetol.com\/wp-content\/uploads\/2023\/05\/panel_gurhan.png\" alt=\"\" width=\"2401\" height=\"1351\" srcset=\"https:\/\/www.icetol.com\/wp-content\/uploads\/2023\/05\/panel_gurhan.png 2401w, https:\/\/www.icetol.com\/wp-content\/uploads\/2023\/05\/panel_gurhan-300x169.png 300w, https:\/\/www.icetol.com\/wp-content\/uploads\/2023\/05\/panel_gurhan-1024x576.png 1024w, https:\/\/www.icetol.com\/wp-content\/uploads\/2023\/05\/panel_gurhan-768x432.png 768w, https:\/\/www.icetol.com\/wp-content\/uploads\/2023\/05\/panel_gurhan-1536x864.png 1536w, https:\/\/www.icetol.com\/wp-content\/uploads\/2023\/05\/panel_gurhan-2048x1152.png 2048w, https:\/\/www.icetol.com\/wp-content\/uploads\/2023\/05\/panel_gurhan-600x338.png 600w\" sizes=\"auto, (max-width: 2401px) 100vw, 2401px\" \/><\/p>\n<p><img loading=\"lazy\" decoding=\"async\" class=\"alignnone size-full wp-image-2049\" src=\"https:\/\/www.icetol.com\/wp-content\/uploads\/2023\/05\/zit_panel.png\" alt=\"\" width=\"2401\" height=\"1351\" srcset=\"https:\/\/www.icetol.com\/wp-content\/uploads\/2023\/05\/zit_panel.png 2401w, https:\/\/www.icetol.com\/wp-content\/uploads\/2023\/05\/zit_panel-300x169.png 300w, https:\/\/www.icetol.com\/wp-content\/uploads\/2023\/05\/zit_panel-1024x576.png 1024w, https:\/\/www.icetol.com\/wp-content\/uploads\/2023\/05\/zit_panel-768x432.png 768w, https:\/\/www.icetol.com\/wp-content\/uploads\/2023\/05\/zit_panel-1536x864.png 1536w, https:\/\/www.icetol.com\/wp-content\/uploads\/2023\/05\/zit_panel-2048x1152.png 2048w, https:\/\/www.icetol.com\/wp-content\/uploads\/2023\/05\/zit_panel-600x338.png 600w\" sizes=\"auto, (max-width: 2401px) 100vw, 2401px\" \/><\/p>\n<p><img loading=\"lazy\" decoding=\"async\" class=\"alignnone size-full wp-image-2048\" src=\"https:\/\/www.icetol.com\/wp-content\/uploads\/2023\/05\/panel_proje.png\" alt=\"\" width=\"2401\" height=\"1351\" srcset=\"https:\/\/www.icetol.com\/wp-content\/uploads\/2023\/05\/panel_proje.png 2401w, https:\/\/www.icetol.com\/wp-content\/uploads\/2023\/05\/panel_proje-300x169.png 300w, https:\/\/www.icetol.com\/wp-content\/uploads\/2023\/05\/panel_proje-1024x576.png 1024w, https:\/\/www.icetol.com\/wp-content\/uploads\/2023\/05\/panel_proje-768x432.png 768w, https:\/\/www.icetol.com\/wp-content\/uploads\/2023\/05\/panel_proje-1536x864.png 1536w, https:\/\/www.icetol.com\/wp-content\/uploads\/2023\/05\/panel_proje-2048x1152.png 2048w, https:\/\/www.icetol.com\/wp-content\/uploads\/2023\/05\/panel_proje-600x338.png 600w\" sizes=\"auto, (max-width: 2401px) 100vw, 2401px\" \/><\/p>\n<p><img loading=\"lazy\" decoding=\"async\" class=\"alignnone size-full wp-image-2062\" src=\"https:\/\/www.icetol.com\/wp-content\/uploads\/2023\/05\/panel_ai.png\" alt=\"\" width=\"2401\" height=\"1351\" srcset=\"https:\/\/www.icetol.com\/wp-content\/uploads\/2023\/05\/panel_ai.png 2401w, https:\/\/www.icetol.com\/wp-content\/uploads\/2023\/05\/panel_ai-300x169.png 300w, https:\/\/www.icetol.com\/wp-content\/uploads\/2023\/05\/panel_ai-1024x576.png 1024w, https:\/\/www.icetol.com\/wp-content\/uploads\/2023\/05\/panel_ai-768x432.png 768w, https:\/\/www.icetol.com\/wp-content\/uploads\/2023\/05\/panel_ai-1536x864.png 1536w, https:\/\/www.icetol.com\/wp-content\/uploads\/2023\/05\/panel_ai-2048x1152.png 2048w, https:\/\/www.icetol.com\/wp-content\/uploads\/2023\/05\/panel_ai-600x338.png 600w\" sizes=\"auto, (max-width: 2401px) 100vw, 2401px\" \/><\/p>\n<hr style=\"color: red; border-top: 12px solid red;\">\n<p><img loading=\"lazy\" decoding=\"async\" class=\"alignnone size-full wp-image-2065\" src=\"https:\/\/www.icetol.com\/wp-content\/uploads\/2023\/05\/zeytinyagi-tadim.png?1\" alt=\"\" width=\"2401\" height=\"1351\"><\/p>\n<p>Uygulamal\u0131 Zeytinya\u011f\u0131 \u00d6n Tad\u0131m E\u011fitimi Ba\u015fvuru Formu: <a href=\"https:\/\/forms.gle\/uA3in76rN8r95czG6\" target=\"_blank\" rel=\"noopener\">https:\/\/forms.gle\/uA3in76rN8r95czG6<\/a> (Kontenjan s\u0131n\u0131r\u0131 vard\u0131r. Kay\u0131t olmak i\u00e7in formu doldurunuz.)<\/p>\n","protected":false},"excerpt":{"rendered":"<p>Uygulamal\u0131 Zeytinya\u011f\u0131 \u00d6n Tad\u0131m E\u011fitimi Ba\u015fvuru Formu: https:\/\/forms.gle\/uA3in76rN8r95czG6 (Kontenjan s\u0131n\u0131r\u0131 vard\u0131r. Kay\u0131t olmak i\u00e7in formu doldurunuz.)<\/p>\n","protected":false},"author":1,"featured_media":0,"parent":0,"menu_order":0,"comment_status":"closed","ping_status":"closed","template":"","meta":{"inline_featured_image":false,"_monsterinsights_skip_tracking":false,"_monsterinsights_sitenote_active":false,"_monsterinsights_sitenote_note":"","_monsterinsights_sitenote_category":0,"ngg_post_thumbnail":0,"footnotes":""},"class_list":["post-2429","page","type-page","status-publish","hentry"],"_links":{"self":[{"href":"https:\/\/www.icetol.com\/index.php?rest_route=\/wp\/v2\/pages\/2429","targetHints":{"allow":["GET"]}}],"collection":[{"href":"https:\/\/www.icetol.com\/index.php?rest_route=\/wp\/v2\/pages"}],"about":[{"href":"https:\/\/www.icetol.com\/index.php?rest_route=\/wp\/v2\/types\/page"}],"author":[{"embeddable":true,"href":"https:\/\/www.icetol.com\/index.php?rest_route=\/wp\/v2\/users\/1"}],"replies":[{"embeddable":true,"href":"https:\/\/www.icetol.com\/index.php?rest_route=%2Fwp%2Fv2%2Fcomments&post=2429"}],"version-history":[{"count":1,"href":"https:\/\/www.icetol.com\/index.php?rest_route=\/wp\/v2\/pages\/2429\/revisions"}],"predecessor-version":[{"id":2580,"href":"https:\/\/www.icetol.com\/index.php?rest_route=\/wp\/v2\/pages\/2429\/revisions\/2580"}],"wp:attachment":[{"href":"https:\/\/www.icetol.com\/index.php?rest_route=%2Fwp%2Fv2%2Fmedia&parent=2429"}],"curies":[{"name":"wp","href":"https:\/\/api.w.org\/{rel}","templated":true}]}}