{"id":2825,"date":"2024-09-19T12:04:41","date_gmt":"2024-09-19T09:04:41","guid":{"rendered":"https:\/\/www.icetol.com\/?page_id=2825"},"modified":"2024-09-19T12:04:41","modified_gmt":"2024-09-19T09:04:41","slug":"home-2024","status":"publish","type":"page","link":"https:\/\/www.icetol.com\/?page_id=2825","title":{"rendered":"Home 2024"},"content":{"rendered":"<a href=\"https:\/\/www.icetol.com\/?page_id=601\">ICETOL 2024 Abstract Proceedings Book<\/a>\r\n<a href=\"https:\/\/www.icetol.com\/?page_id=601\">ICETOL 2024 Full Paper Proceedings Book<\/a>\r\n\r\n<a href=\"https:\/\/www.icetol.com\/?page_id=107\">Conference Program<\/a>\r\n\r\n<a href=\"https:\/\/www.icetol.com\/wp-content\/uploads\/2024\/05\/akademisyen_temsilciligi.pdf\" target=\"_blank\" rel=\"noopener\">Akademisyen Temsilcili\u011fi Resmi Yaz\u0131s\u0131<\/a>\r\n\r\nThe International Conference on Educational Technology and Online Learning (ICETOL), which will be held for the fourth time in <strong>Anadolu University, Eski\u015fehir, T\u00fcrkiye<\/strong> between <strong>15-17 May 2024,<\/strong> will be held face-to-face and online, with the main theme of &#8220;Exploring Critical Paradigm Shifts in Intelligent Technologies for Open and Distance Education&#8221;. In line with this theme, discussions will be held, and best practices, reflections, and experiences will be shared in ICETOL 2024 which will contribute to the national and international literature. ICETOL is supported by Anadolu University, Bal\u0131kesir University, Open University (UK), FHM Online-University, Universidad De Burgos, University of South Africa, and EDTECH-U.\r\n<div style=\"overflow: auto;\"><img decoding=\"async\" style=\"width: 48%; display: block; float: left;\" src=\"https:\/\/www.icetol.com\/wp-content\/uploads\/2023\/12\/icetol2024_poster.png?3\"><a href=\"https:\/\/www.icetol.com\/?page_id=81\"><img decoding=\"async\" style=\"width: 48%; display: block; float: left; margin-left: 10px;\" src=\"https:\/\/www.icetol.com\/wp-content\/uploads\/2024\/02\/keynotes.jpg\"><\/a><\/div>\r\n<div style=\"overflow: auto;\"><a href=\"https:\/\/www.icetol.com\/?page_id=103\">\r\n<img decoding=\"async\" style=\"width: 20%; display: block; float: left;\" src=\"https:\/\/www.icetol.com\/wp-content\/uploads\/2024\/05\/panel_genai_in_education-scaled.jpeg\"><img decoding=\"async\" style=\"width: 20%; display: block; float: left; margin-left: 3px;\" src=\"https:\/\/www.icetol.com\/wp-content\/uploads\/2024\/05\/workshop_developing_digital_materials-scaled.jpg?1\"><img decoding=\"async\" style=\"width: 20%; display: block; float: left; margin-left: 3px;\" src=\"https:\/\/www.icetol.com\/wp-content\/uploads\/2024\/05\/panel_ai-scaled.jpeg?1\"><img decoding=\"async\" style=\"width: 19%; display: block; float: left; margin-left: 3px;\" src=\"https:\/\/www.icetol.com\/wp-content\/uploads\/2024\/05\/spotlight_session.jpeg\"><img decoding=\"async\" style=\"width: 19%; display: block; float: left; margin-left: 3px;\" src=\"https:\/\/www.icetol.com\/wp-content\/uploads\/2024\/05\/panel_yapay_zeka_temelli_vr_xr.jpeg\"><\/a><\/div>\r\n<!--div><img loading=\"lazy\" decoding=\"async\" class=\"wp-image-1967 alignleft\" src=\"https:\/\/www.icetol.com\/wp-content\/uploads\/2023\/04\/thy2.png?_t=1681418110\" alt=\"\" width=\"261\" height=\"75\" srcset=\"https:\/\/www.icetol.com\/wp-content\/uploads\/2023\/04\/thy2.png 512w, https:\/\/www.icetol.com\/wp-content\/uploads\/2023\/04\/thy2-300x86.png 300w\" sizes=\"auto, (max-width: 261px) 100vw, 261px\" \/>Turkish Airlines is the official airline of <strong>ICETOL,<\/strong>&nbsp;special discounts are offered for all delegates for international flights only. There is no discount for domestic flights. To proceed with the online booking tool, please visit <a href=\"https:\/\/www.turkishairlines.com\/en-int\/flights\/booking\/promocode\/\" target=\"_blank\" rel=\"noopener\">Turkish Airlines promocode website <\/a> and use the event code <strong>\u201c037TKM23\u201d<\/strong> under the Promotion code section.<\/div-->\r\n<p style=\"font-size: 12pt; font-weight: bold; color: black; margin-top: 50px; margin-bottom: 0px; padding: 0px;\">ICETOL 2023 Picture Gallery<\/p>\r\n\r\nngg_shortcode_0_placeholder\r\n<p style=\"font-size: 12pt; font-weight: bold; color: black; margin-top: 50px; margin-bottom: 0px; padding: 0px; clear: both;\">ICETOL 2022 Picture Gallery<\/p>\r\n\r\nngg_shortcode_1_placeholder\r\n<p style=\"font-size: 12pt; font-weight: bold; color: black; margin-top: 50px; margin-bottom: 0px; padding: 0px;\">ICETOL 2021 Picture Gallery<\/p>\r\n\r\nngg_shortcode_2_placeholder&nbsp;\r\n\r\n&nbsp;<!-- \/wp:post-content -->","protected":false},"excerpt":{"rendered":"<p>ICETOL 2024 Abstract Proceedings Book ICETOL 2024 Full Paper Proceedings Book Conference Program Akademisyen Temsilcili\u011fi Resmi Yaz\u0131s\u0131 The International Conference on Educational Technology and Online Learning (ICETOL), which will be held for the fourth time in Anadolu University, Eski\u015fehir, T\u00fcrkiye between 15-17 May 2024, will be held face-to-face and online, with the main theme of [&hellip;]<\/p>\n","protected":false},"author":1,"featured_media":0,"parent":0,"menu_order":0,"comment_status":"closed","ping_status":"closed","template":"","meta":{"inline_featured_image":false,"_monsterinsights_skip_tracking":false,"_monsterinsights_sitenote_active":false,"_monsterinsights_sitenote_note":"","_monsterinsights_sitenote_category":0,"ngg_post_thumbnail":0,"footnotes":""},"class_list":["post-2825","page","type-page","status-publish","hentry"],"_links":{"self":[{"href":"https:\/\/www.icetol.com\/index.php?rest_route=\/wp\/v2\/pages\/2825","targetHints":{"allow":["GET"]}}],"collection":[{"href":"https:\/\/www.icetol.com\/index.php?rest_route=\/wp\/v2\/pages"}],"about":[{"href":"https:\/\/www.icetol.com\/index.php?rest_route=\/wp\/v2\/types\/page"}],"author":[{"embeddable":true,"href":"https:\/\/www.icetol.com\/index.php?rest_route=\/wp\/v2\/users\/1"}],"replies":[{"embeddable":true,"href":"https:\/\/www.icetol.com\/index.php?rest_route=%2Fwp%2Fv2%2Fcomments&post=2825"}],"version-history":[{"count":1,"href":"https:\/\/www.icetol.com\/index.php?rest_route=\/wp\/v2\/pages\/2825\/revisions"}],"predecessor-version":[{"id":2828,"href":"https:\/\/www.icetol.com\/index.php?rest_route=\/wp\/v2\/pages\/2825\/revisions\/2828"}],"wp:attachment":[{"href":"https:\/\/www.icetol.com\/index.php?rest_route=%2Fwp%2Fv2%2Fmedia&parent=2825"}],"curies":[{"name":"wp","href":"https:\/\/api.w.org\/{rel}","templated":true}]}}