{"id":2837,"date":"2024-09-19T12:04:41","date_gmt":"2024-09-19T09:04:41","guid":{"rendered":"https:\/\/www.icetol.com\/?page_id=2837"},"modified":"2024-09-19T12:04:41","modified_gmt":"2024-09-19T09:04:41","slug":"organizing-committee-2024","status":"publish","type":"page","link":"https:\/\/www.icetol.com\/?page_id=2837","title":{"rendered":"Organizing Committee 2024"},"content":{"rendered":"<table style=\"text-align: center;\">\n<tbody>\n<tr>\n<td style=\"text-align: center; vertical-align: top;\" colspan=\"4\"><img decoding=\"async\" class=\"size-medium wp-image-176 aligncenter\" src=\"https:\/\/www.icetol.com\/wp-content\/uploads\/2021\/06\/gurhan.png\" alt=\"\" height=\"200\" srcset=\"https:\/\/www.icetol.com\/wp-content\/uploads\/2021\/06\/gurhan.png 200w, https:\/\/www.icetol.com\/wp-content\/uploads\/2021\/06\/gurhan-100x100.png 100w, https:\/\/www.icetol.com\/wp-content\/uploads\/2021\/06\/gurhan-150x150.png 150w\" sizes=\"(max-width: 200px) 100vw, 200px\" \/><\/p>\n<p style=\"text-align: center;\">Dr. G\u00fcrhan Durak<br \/>\nBal\u0131kesir University<br \/>\n<strong>(Conference Chair)<\/strong><\/p>\n<\/td>\n<\/tr>\n<tr>\n<td style=\"vertical-align: top;\"><img decoding=\"async\" class=\"wp-image-173 aligncenter\" src=\"https:\/\/www.icetol.com\/wp-content\/uploads\/2021\/06\/serkan-e1644316674381.jpg\" alt=\"\" height=\"200\"><\/p>\n<p style=\"text-align: center;\">Dr. Serkan \u00c7ankaya<br \/>\n\u0130zmir Demokrasi University<\/p>\n<\/td>\n<td style=\"vertical-align: top;\"><img decoding=\"async\" class=\"size-full wp-image-175 aligncenter\" src=\"https:\/\/www.icetol.com\/wp-content\/uploads\/2021\/06\/burcin.jpg\" alt=\"\" height=\"200\" srcset=\"https:\/\/www.icetol.com\/wp-content\/uploads\/2021\/06\/burcin.jpg 200w, https:\/\/www.icetol.com\/wp-content\/uploads\/2021\/06\/burcin-100x100.jpg 100w, https:\/\/www.icetol.com\/wp-content\/uploads\/2021\/06\/burcin-150x150.jpg 150w\" sizes=\"(max-width: 200px) 100vw, 200px\" \/><\/p>\n<p style=\"text-align: center;\">Dr. Nazire Bur\u00e7in Hamuto\u011flu<br \/>\nEski\u015fehir Technical University<\/p>\n<\/td>\n<td><img decoding=\"async\" class=\"size-full wp-image-174 aligncenter\" src=\"https:\/\/www.icetol.com\/wp-content\/uploads\/2021\/06\/hasan.jpg\" alt=\"\" height=\"200\" srcset=\"https:\/\/www.icetol.com\/wp-content\/uploads\/2021\/06\/hasan.jpg 200w, https:\/\/www.icetol.com\/wp-content\/uploads\/2021\/06\/hasan-100x100.jpg 100w, https:\/\/www.icetol.com\/wp-content\/uploads\/2021\/06\/hasan-150x150.jpg 150w\" sizes=\"(max-width: 200px) 100vw, 200px\" \/><\/p>\n<p style=\"text-align: center;\">Dr. Hasan U\u00e7ar<br \/>\nAnadolu University<\/p>\n<\/td>\n<\/tr>\n<tr>\n<td><img decoding=\"async\" class=\"size-full wp-image-174 aligncenter\" src=\"https:\/\/www.icetol.com\/wp-content\/uploads\/2022\/09\/Kadir-Demir.DEMI\u0307R.jpeg\" alt=\"\" height=\"200\"><\/p>\n<p style=\"text-align: center;\">Dr. Kadir Demir<br \/>\n\u0130zmir Demokrasi University<\/p>\n<\/td>\n<td><img loading=\"lazy\" decoding=\"async\" class=\" wp-image-174 aligncenter\" src=\"https:\/\/www.icetol.com\/wp-content\/uploads\/2023\/03\/karamete1.jpg\" alt=\"\" width=\"158\" height=\"200\"><\/p>\n<p style=\"text-align: center;\">Dr. Ay\u015fen Karamete<br \/>\nBal\u0131kesir University<\/p>\n<\/td>\n<td><img loading=\"lazy\" decoding=\"async\" class=\" wp-image-174 aligncenter\" src=\"https:\/\/www.icetol.com\/wp-content\/uploads\/2023\/03\/semiral.jpeg\" alt=\"\" width=\"163\" height=\"201\"><\/p>\n<p style=\"text-align: center;\">Dr. Semiral \u00d6nc\u00fc<br \/>\nBal\u0131kesir University<\/p>\n<\/td>\n<\/tr>\n<tr>\n<td><img loading=\"lazy\" decoding=\"async\" class=\" wp-image-175 aligncenter\" src=\"https:\/\/www.icetol.com\/wp-content\/uploads\/2023\/09\/serpilkocdar.jpeg\" alt=\"\" width=\"200\" height=\"200\"><\/p>\n<p style=\"text-align: center;\">Dr. Serpil Ko\u00e7dar<br \/>\nAnadolu University<\/p>\n<\/td>\n<td><img loading=\"lazy\" decoding=\"async\" class=\" wp-image-174 aligncenter\" src=\"https:\/\/www.icetol.com\/wp-content\/uploads\/2021\/06\/aras.jpg\" alt=\"\" width=\"200\" height=\"200\"><\/p>\n<p style=\"text-align: center;\">Dr. Aras Bozkurt<br \/>\nAnadolu University<\/p>\n<\/td>\n<td><img loading=\"lazy\" decoding=\"async\" class=\" wp-image-174 aligncenter\" src=\"https:\/\/www.icetol.com\/wp-content\/uploads\/2024\/01\/minjou.png\" alt=\"\" width=\"200\" height=\"200\"><\/p>\n<p style=\"text-align: center;\">Dr. Min Jou<br \/>\nNational Taiwan Normal University<\/p>\n<\/td>\n<\/tr>\n<\/tbody>\n<\/table>\n<p>&nbsp;<\/p>\n","protected":false},"excerpt":{"rendered":"<p>Dr. G\u00fcrhan Durak Bal\u0131kesir University (Conference Chair) Dr. Serkan \u00c7ankaya \u0130zmir Demokrasi University Dr. Nazire Bur\u00e7in Hamuto\u011flu Eski\u015fehir Technical University Dr. Hasan U\u00e7ar Anadolu University Dr. Kadir Demir \u0130zmir Demokrasi University Dr. Ay\u015fen Karamete Bal\u0131kesir University Dr. Semiral \u00d6nc\u00fc Bal\u0131kesir University Dr. Serpil Ko\u00e7dar Anadolu University Dr. Aras Bozkurt Anadolu University Dr. Min Jou National [&hellip;]<\/p>\n","protected":false},"author":1,"featured_media":0,"parent":0,"menu_order":0,"comment_status":"closed","ping_status":"closed","template":"","meta":{"inline_featured_image":false,"_monsterinsights_skip_tracking":false,"_monsterinsights_sitenote_active":false,"_monsterinsights_sitenote_note":"","_monsterinsights_sitenote_category":0,"ngg_post_thumbnail":0,"footnotes":""},"class_list":["post-2837","page","type-page","status-publish","hentry"],"_links":{"self":[{"href":"https:\/\/www.icetol.com\/index.php?rest_route=\/wp\/v2\/pages\/2837","targetHints":{"allow":["GET"]}}],"collection":[{"href":"https:\/\/www.icetol.com\/index.php?rest_route=\/wp\/v2\/pages"}],"about":[{"href":"https:\/\/www.icetol.com\/index.php?rest_route=\/wp\/v2\/types\/page"}],"author":[{"embeddable":true,"href":"https:\/\/www.icetol.com\/index.php?rest_route=\/wp\/v2\/users\/1"}],"replies":[{"embeddable":true,"href":"https:\/\/www.icetol.com\/index.php?rest_route=%2Fwp%2Fv2%2Fcomments&post=2837"}],"version-history":[{"count":2,"href":"https:\/\/www.icetol.com\/index.php?rest_route=\/wp\/v2\/pages\/2837\/revisions"}],"predecessor-version":[{"id":2867,"href":"https:\/\/www.icetol.com\/index.php?rest_route=\/wp\/v2\/pages\/2837\/revisions\/2867"}],"wp:attachment":[{"href":"https:\/\/www.icetol.com\/index.php?rest_route=%2Fwp%2Fv2%2Fmedia&parent=2837"}],"curies":[{"name":"wp","href":"https:\/\/api.w.org\/{rel}","templated":true}]}}