{"id":2855,"date":"2024-09-19T12:04:41","date_gmt":"2024-09-19T09:04:41","guid":{"rendered":"https:\/\/www.icetol.com\/?page_id=2855"},"modified":"2024-09-19T12:04:41","modified_gmt":"2024-09-19T09:04:41","slug":"secretariat-2024","status":"publish","type":"page","link":"https:\/\/www.icetol.com\/?page_id=2855","title":{"rendered":"Secretariat 2024"},"content":{"rendered":"<table style=\"text-align: center;\">\n<tbody>\n<tr>\n<td style=\"vertical-align: top;\"><img loading=\"lazy\" decoding=\"async\" class=\"wp-image-173 aligncenter\" src=\"https:\/\/www.icetol.com\/wp-content\/uploads\/2023\/03\/sedacan.jpeg\" alt=\"\" width=\"151\" height=\"201\"><\/p>\n<p style=\"text-align: center;\">Seda Can<br \/>\nBal\u0131kesir \u00dcniversitesi<\/p>\n<\/td>\n<td style=\"vertical-align: top;\"><img loading=\"lazy\" decoding=\"async\" class=\" wp-image-175 aligncenter\" src=\"https:\/\/www.icetol.com\/wp-content\/uploads\/2023\/03\/damla.jpeg\" alt=\"\" width=\"180\" height=\"202\"><\/p>\n<p style=\"text-align: center;\">Damla \u00d6zdemir<br \/>\nBal\u0131kesir \u00dcniversitesi<\/p>\n<\/td>\n<\/tr>\n<\/tbody>\n<\/table>\n<p>&nbsp;<\/p>\n","protected":false},"excerpt":{"rendered":"<p>Seda Can Bal\u0131kesir \u00dcniversitesi Damla \u00d6zdemir Bal\u0131kesir \u00dcniversitesi &nbsp;<\/p>\n","protected":false},"author":1,"featured_media":0,"parent":0,"menu_order":0,"comment_status":"closed","ping_status":"closed","template":"","meta":{"inline_featured_image":false,"_monsterinsights_skip_tracking":false,"_monsterinsights_sitenote_active":false,"_monsterinsights_sitenote_note":"","_monsterinsights_sitenote_category":0,"ngg_post_thumbnail":0,"footnotes":""},"class_list":["post-2855","page","type-page","status-publish","hentry"],"_links":{"self":[{"href":"https:\/\/www.icetol.com\/index.php?rest_route=\/wp\/v2\/pages\/2855","targetHints":{"allow":["GET"]}}],"collection":[{"href":"https:\/\/www.icetol.com\/index.php?rest_route=\/wp\/v2\/pages"}],"about":[{"href":"https:\/\/www.icetol.com\/index.php?rest_route=\/wp\/v2\/types\/page"}],"author":[{"embeddable":true,"href":"https:\/\/www.icetol.com\/index.php?rest_route=\/wp\/v2\/users\/1"}],"replies":[{"embeddable":true,"href":"https:\/\/www.icetol.com\/index.php?rest_route=%2Fwp%2Fv2%2Fcomments&post=2855"}],"version-history":[{"count":1,"href":"https:\/\/www.icetol.com\/index.php?rest_route=\/wp\/v2\/pages\/2855\/revisions"}],"predecessor-version":[{"id":2856,"href":"https:\/\/www.icetol.com\/index.php?rest_route=\/wp\/v2\/pages\/2855\/revisions\/2856"}],"wp:attachment":[{"href":"https:\/\/www.icetol.com\/index.php?rest_route=%2Fwp%2Fv2%2Fmedia&parent=2855"}],"curies":[{"name":"wp","href":"https:\/\/api.w.org\/{rel}","templated":true}]}}