{"id":3705,"date":"2025-12-15T14:53:44","date_gmt":"2025-12-15T11:53:44","guid":{"rendered":"https:\/\/www.icetol.com\/?page_id=3705"},"modified":"2025-12-15T14:53:44","modified_gmt":"2025-12-15T11:53:44","slug":"home-2025","status":"publish","type":"page","link":"https:\/\/www.icetol.com\/?page_id=3705","title":{"rendered":"Home 2025"},"content":{"rendered":"<a href=\"https:\/\/www.icetol.com\/?page_id=601\">ICETOL 2025 Abstract Proceedings Book<\/a><br>\r\n<a href=\"https:\/\/www.icetol.com\/?page_id=601\">ICETOL 2025 Full Paper Proceedings Book<\/a><br>\r\n<br>\r\n<a href=\"https:\/\/www.icetol.com\/wp-content\/uploads\/2025\/11\/Gorevlendirme2025.pdf\" target=\"_blank\" rel=\"noopener\">Akademisyen Temsilcili\u011fi Resmi Yaz\u0131s\u0131<\/a><br>\r\n<br>\r\nThe International Conference on Educational Technology and Online Learning (ICETOL), which will be held for the fifth time in <strong>Cunda, Ayval\u0131k, T\u00fcrkiye<\/strong> between <strong>26\u201329 August 2025<\/strong>, will take place both face-to-face and online. The main theme of the conference is \u201cEmpowering Learners: Adaptive Learning Environments and the Role of AI in Education.\u201d <strong>Hosted by Bal\u0131kesir University<\/strong>, ICETOL 2025 will feature discussions, best practices, reflections, and shared experiences aligned with the conference theme, contributing to both national and international literature.\r\n\r\nICETOL is supported by Anadolu University, Bal\u0131kesir University, Open University (UK), Ohio State University, FHM Online-University, Universidad De Burgos, University of South Africa, and EDTECH-U\r\n<div style=\"overflow: auto;\"><img decoding=\"async\" style=\"width: 100%; display: block;\" src=\"https:\/\/www.icetol.com\/wp-content\/uploads\/2025\/05\/ICETOL2025_afis_5may.jpg\"><\/div>\r\n<div style=\"overflow: auto;\"><img decoding=\"async\" style=\"width: 100%; display: block;\" src=\"https:\/\/www.icetol.com\/wp-content\/uploads\/2025\/02\/keynotes_all-scaled.jpg\"><\/div>\r\n&nbsp;\r\n<h4>Main Sponsor<\/h4>\r\n<a href=\"https:\/\/constructor.tech\/\" target=\"_blank\" rel=\"noopener\"><img loading=\"lazy\" decoding=\"async\" class=\"alignnone wp-image-3277\" src=\"https:\/\/www.icetol.com\/wp-content\/uploads\/2025\/07\/Constructor_Tech1.png\" alt=\"\" width=\"633\" height=\"77\" srcset=\"https:\/\/www.icetol.com\/wp-content\/uploads\/2025\/07\/Constructor_Tech1.png 6625w, https:\/\/www.icetol.com\/wp-content\/uploads\/2025\/07\/Constructor_Tech1-300x37.png 300w, https:\/\/www.icetol.com\/wp-content\/uploads\/2025\/07\/Constructor_Tech1-1024x125.png 1024w, https:\/\/www.icetol.com\/wp-content\/uploads\/2025\/07\/Constructor_Tech1-768x94.png 768w, https:\/\/www.icetol.com\/wp-content\/uploads\/2025\/07\/Constructor_Tech1-1536x188.png 1536w, https:\/\/www.icetol.com\/wp-content\/uploads\/2025\/07\/Constructor_Tech1-2048x250.png 2048w, https:\/\/www.icetol.com\/wp-content\/uploads\/2025\/07\/Constructor_Tech1-600x73.png 600w\" sizes=\"auto, (max-width: 633px) 100vw, 633px\" \/><\/a>\r\n<h4>Standart Sponsor<\/h4>\r\n<a href=\"https:\/\/www.keyps.com.tr\" target=\"_blank\" rel=\"noopener\"><img loading=\"lazy\" decoding=\"async\" class=\"alignnone wp-image-3290\" src=\"https:\/\/www.icetol.com\/wp-content\/uploads\/2025\/08\/keyps.png\" alt=\"\" width=\"222\" height=\"84\" srcset=\"https:\/\/www.icetol.com\/wp-content\/uploads\/2025\/08\/keyps.png 2182w, https:\/\/www.icetol.com\/wp-content\/uploads\/2025\/08\/keyps-300x113.png 300w, https:\/\/www.icetol.com\/wp-content\/uploads\/2025\/08\/keyps-1024x386.png 1024w, https:\/\/www.icetol.com\/wp-content\/uploads\/2025\/08\/keyps-768x290.png 768w, https:\/\/www.icetol.com\/wp-content\/uploads\/2025\/08\/keyps-1536x579.png 1536w, https:\/\/www.icetol.com\/wp-content\/uploads\/2025\/08\/keyps-2048x772.png 2048w, https:\/\/www.icetol.com\/wp-content\/uploads\/2025\/08\/keyps-600x226.png 600w\" sizes=\"auto, (max-width: 222px) 100vw, 222px\" \/><\/a>\r\n<h4>Gift Sponsor<\/h4>\r\n<img loading=\"lazy\" decoding=\"async\" class=\"alignnone wp-image-3296\" src=\"https:\/\/www.icetol.com\/wp-content\/uploads\/2025\/08\/fugla-zeytincilik.png\" alt=\"\" width=\"190\" height=\"213\" srcset=\"https:\/\/www.icetol.com\/wp-content\/uploads\/2025\/08\/fugla-zeytincilik.png 1043w, https:\/\/www.icetol.com\/wp-content\/uploads\/2025\/08\/fugla-zeytincilik-267x300.png 267w, https:\/\/www.icetol.com\/wp-content\/uploads\/2025\/08\/fugla-zeytincilik-912x1024.png 912w, https:\/\/www.icetol.com\/wp-content\/uploads\/2025\/08\/fugla-zeytincilik-768x862.png 768w, https:\/\/www.icetol.com\/wp-content\/uploads\/2025\/08\/fugla-zeytincilik-600x674.png 600w\" sizes=\"auto, (max-width: 190px) 100vw, 190px\" \/>\r\n<p style=\"font-size: 12pt; font-weight: bold; color: black; margin-top: 50px; margin-bottom: 0px; padding: 0px;\">ICETOL 2024 Picture Gallery<\/p>\r\n\r\nngg_shortcode_0_placeholder\r\n<p style=\"font-size: 12pt; font-weight: bold; color: black; margin-top: 50px; margin-bottom: 0px; padding: 0px;\">ICETOL 2023 Picture Gallery<\/p>\r\n\r\nngg_shortcode_1_placeholder\r\n<p style=\"font-size: 12pt; font-weight: bold; color: black; margin-top: 50px; margin-bottom: 0px; padding: 0px; clear: both;\">ICETOL 2022 Picture Gallery<\/p>\r\n\r\nngg_shortcode_2_placeholder\r\n<p style=\"font-size: 12pt; font-weight: bold; color: black; margin-top: 50px; margin-bottom: 0px; padding: 0px;\">ICETOL 2021 Picture Gallery<\/p>\r\n\r\nngg_shortcode_3_placeholder&nbsp;\r\n\r\n&nbsp;<!-- \/wp:post-content -->","protected":false},"excerpt":{"rendered":"<p>ICETOL 2025 Abstract Proceedings Book ICETOL 2025 Full Paper Proceedings Book Akademisyen Temsilcili\u011fi Resmi Yaz\u0131s\u0131 The International Conference on Educational Technology and Online Learning (ICETOL), which will be held for the fifth time in Cunda, Ayval\u0131k, T\u00fcrkiye between 26\u201329 August 2025, will take place both face-to-face and online. The main theme of the conference is [&hellip;]<\/p>\n","protected":false},"author":1,"featured_media":0,"parent":0,"menu_order":0,"comment_status":"closed","ping_status":"closed","template":"","meta":{"inline_featured_image":false,"_monsterinsights_skip_tracking":false,"_monsterinsights_sitenote_active":false,"_monsterinsights_sitenote_note":"","_monsterinsights_sitenote_category":0,"ngg_post_thumbnail":0,"footnotes":""},"class_list":["post-3705","page","type-page","status-publish","hentry"],"_links":{"self":[{"href":"https:\/\/www.icetol.com\/index.php?rest_route=\/wp\/v2\/pages\/3705","targetHints":{"allow":["GET"]}}],"collection":[{"href":"https:\/\/www.icetol.com\/index.php?rest_route=\/wp\/v2\/pages"}],"about":[{"href":"https:\/\/www.icetol.com\/index.php?rest_route=\/wp\/v2\/types\/page"}],"author":[{"embeddable":true,"href":"https:\/\/www.icetol.com\/index.php?rest_route=\/wp\/v2\/users\/1"}],"replies":[{"embeddable":true,"href":"https:\/\/www.icetol.com\/index.php?rest_route=%2Fwp%2Fv2%2Fcomments&post=3705"}],"version-history":[{"count":1,"href":"https:\/\/www.icetol.com\/index.php?rest_route=\/wp\/v2\/pages\/3705\/revisions"}],"predecessor-version":[{"id":3706,"href":"https:\/\/www.icetol.com\/index.php?rest_route=\/wp\/v2\/pages\/3705\/revisions\/3706"}],"wp:attachment":[{"href":"https:\/\/www.icetol.com\/index.php?rest_route=%2Fwp%2Fv2%2Fmedia&parent=3705"}],"curies":[{"name":"wp","href":"https:\/\/api.w.org\/{rel}","templated":true}]}}