{"id":3711,"date":"2025-12-15T14:55:15","date_gmt":"2025-12-15T11:55:15","guid":{"rendered":"https:\/\/www.icetol.com\/?page_id=3711"},"modified":"2025-12-15T14:55:15","modified_gmt":"2025-12-15T11:55:15","slug":"international-scientific-advisory-board-2025","status":"publish","type":"page","link":"https:\/\/www.icetol.com\/?page_id=3711","title":{"rendered":"International Scientific Advisory Board 2025"},"content":{"rendered":"<p><b>Chairs of International Scientific Advisory Board<\/b><\/p>\n<ul>\nDr. Mustafa \u00d6zg\u00fcven<br \/>\nXi\u2019an Jiaotong-Liverpool University (XJTLU)<\/ul>\n<ul>\nProf. Dr. Delf\u00edn Ortega-S\u00e1nchez<br \/>\nVice-Rector for Social Responsibility, Culture and Sports, University of Burgos (Spain)<\/ul>\n<table>\n<tbody>\n<tr>\n<td><strong>Name Surname<\/strong><\/td>\n<td><strong>University<\/strong><\/td>\n<\/tr>\n<tr>\n<td>Dr. Abdullah Kuzu<\/td>\n<td>Antalya Akev University, T\u00fcrkiye<\/td>\n<\/tr>\n<tr>\n<td>Dr. Amine Hatun Ata\u015f<\/td>\n<td>Galatasaray University, T\u00fcrkiye<\/td>\n<\/tr>\n<tr>\n<td>Dr. Arif Altun<\/td>\n<td>Hacettepe University, T\u00fcrkiye<\/td>\n<\/tr>\n<tr>\n<td>Dr. Ay\u015fen Karamete<\/td>\n<td>Bal\u0131kesir University, T\u00fcrkiye<\/td>\n<\/tr>\n<tr>\n<td>Dr. Bar\u0131\u015f \u00c7ukurba\u015f\u0131<\/td>\n<td>Manisa Celal Bayar University, T\u00fcrkiye<\/td>\n<\/tr>\n<tr>\n<td>Dr. Beril Ceylan<\/td>\n<td>Ege University, T\u00fcrkiye<\/td>\n<\/tr>\n<tr>\n<td>Dr. Clifford De Raffaele<\/td>\n<td>Malta College of Arts, Science and Technology, Malta<\/td>\n<\/tr>\n<tr>\n<td>Dr. David P\u00e9rez Jorge<\/td>\n<td>La Laguna University, Spain<\/td>\n<\/tr>\n<tr>\n<td>Dr. Deepika Kohli<\/td>\n<td>Khalsa College of Education GTR, Amritsar, Punjab, India<\/td>\n<\/tr>\n<tr>\n<td>Dr. Deniz Mertkan Gezgin<\/td>\n<td>Trakya University, T\u00fcrkiye<\/td>\n<\/tr>\n<tr>\n<td>Dr. Ela Akg\u00fcn \u00d6zbek<\/td>\n<td>Anadolu University, T\u00fcrkiye<\/td>\n<\/tr>\n<tr>\n<td>Dr. Elif Bu\u011fra Kuzu Demir<\/td>\n<td>Dokuz Eylul University, T\u00fcrkiye<\/td>\n<\/tr>\n<tr>\n<td>Dr. Emin Korkusuz<\/td>\n<td>Bal\u0131kesir University, T\u00fcrkiye<\/td>\n<\/tr>\n<tr>\n<td>Dr. Emine Nur \u00dcnveren-Bilgi\u00e7<\/td>\n<td>D\u00fczce University, T\u00fcrkiye<\/td>\n<\/tr>\n<tr>\n<td>Dr. Emre \u00c7am<\/td>\n<td>Tokat Gaziosmanpa\u015fa University, T\u00fcrkiye<\/td>\n<\/tr>\n<tr>\n<td>Dr. Erdem Erdo\u011fdu<\/td>\n<td>Anadolu University, T\u00fcrkiye<\/td>\n<\/tr>\n<tr>\n<td>Dr. Erhan G\u00fcne\u015f<\/td>\n<td>K\u0131r\u015fehir Ahi Evran University, T\u00fcrkiye<\/td>\n<\/tr>\n<tr>\n<td>Dr. Fahriye Alt\u0131nay<\/td>\n<td>Near East University, Northern Cyprus<\/td>\n<\/tr>\n<tr>\n<td>Dr. Fatma Sapmaz<\/td>\n<td>Eski\u015fehir Osmangazi University, T\u00fcrkiye<\/td>\n<\/tr>\n<tr>\n<td>Dr. F\u0131rat Sarsar<\/td>\n<td>Ege University, T\u00fcrkiye<\/td>\n<\/tr>\n<tr>\n<td>Dr. G\u00f6kmen Da\u011fl\u0131y<\/td>\n<td>Near East University, Northern Cyprus<\/td>\n<\/tr>\n<tr>\n<td>Dr. G\u00fclcan \u00d6zt\u00fcrk<\/td>\n<td>Bal\u0131kesir University, T\u00fcrkiye<\/td>\n<\/tr>\n<tr>\n<td>Dr. Huijing Wen<\/td>\n<td>Moravian University, USA<\/td>\n<\/tr>\n<tr>\n<td>Dr. H\u00fclya G\u00fcr<\/td>\n<td>Bal\u0131kesir University, T\u00fcrkiye<\/td>\n<\/tr>\n<tr>\n<td>Dr. Hur\u015fit Cem Salar<\/td>\n<td>Pamukkale University, T\u00fcrkiye<\/td>\n<\/tr>\n<tr>\n<td>Dr. Kadir Demir<\/td>\n<td>\u0130zmir Demokrasi University, T\u00fcrkiye<\/td>\n<\/tr>\n<tr>\n<td>Dr. Kerem K\u0131l\u0131\u00e7er<\/td>\n<td>Tokat Gaziosmanpa\u015fa University, T\u00fcrkiye<\/td>\n<\/tr>\n<tr>\n<td>Dr. K\u00fcr\u015fat \u00c7a\u011f\u0131ltay<\/td>\n<td>Middle East Technical University, T\u00fcrkiye<\/td>\n<\/tr>\n<tr>\n<td>Dr. M. Emre Sezgin<\/td>\n<td>\u00c7ukurova University, T\u00fcrkiye<\/td>\n<\/tr>\n<tr>\n<td>Dr. Maphalala Mncedisi<\/td>\n<td>Durban University of Technology, South Africa<\/td>\n<\/tr>\n<tr>\n<td>Dr. Mehmet Emre Sezgin<\/td>\n<td>\u00c7ukurova University, T\u00fcrkiye<\/td>\n<\/tr>\n<tr>\n<td>Dr. Mehmet Kesim<\/td>\n<td>Anadolu University, T\u00fcrkiye<\/td>\n<\/tr>\n<tr>\n<td>Dr. Michail Kalogiannakis <\/td>\n<td>University of Thessaly, Greece<\/td>\n<\/tr>\n<tr>\n<td>Dr. Murat Ataizi<\/td>\n<td>Anadolu University, T\u00fcrkiye<\/td>\n<\/tr>\n<tr>\n<td>Dr. Murat Topal<\/td>\n<td>Sakarya University, T\u00fcrkiye<\/td>\n<\/tr>\n<tr>\n<td>Dr. M\u00fcbin K\u0131y\u0131c\u0131<\/td>\n<td>Sakarya University, T\u00fcrkiye<\/td>\n<\/tr>\n<tr>\n<td>Dr. Nida G\u00f6k\u00e7e Narin<\/td>\n<td>Trakya University, T\u00fcrkiye<\/td>\n<\/tr>\n<tr>\n<td>Dr. Nilg\u00fcn Tosun<\/td>\n<td>Mu\u011fla S\u0131tk\u0131 Ko\u00e7man University, T\u00fcrkiye<\/td>\n<\/tr>\n<tr>\n<td>Dr. Olaf Zawacki-Richter<\/td>\n<td>University of Oldenburg, Germany<\/td>\n<\/tr>\n<tr>\n<td>Dr. \u00d6zden \u015eahin \u0130zmirli<\/td>\n<td>\u00c7anakkale Onsekiz Mart University, T\u00fcrkiye<\/td>\n<\/tr>\n<tr>\n<td>Dr. Ramashego Mphahlele<\/td>\n<td>University of South Africa, South Africa<\/td>\n<\/tr>\n<tr>\n<td>Dr. Ramesh Sharma<\/td>\n<td>Ambedkar University Delhi, India<\/td>\n<\/tr>\n<tr>\n<td>Dr. Semiral \u00d6nc\u00fc<\/td>\n<td>Bal\u0131kesir University, T\u00fcrkiye<\/td>\n<\/tr>\n<tr>\n<td>Dr. Serkan \u0130zmirli<\/td>\n<td>\u00c7anakkale Onsekiz Mart University, T\u00fcrkiye<\/td>\n<\/tr>\n<tr>\n<td>Dr. Serpil Ko\u00e7dar<\/td>\n<td>Anadolu University, T\u00fcrkiye<\/td>\n<\/tr>\n<tr>\n<td>Dr. Sezer Kanbul<\/td>\n<td>Near East University, Northern Cyprus<\/td>\n<\/tr>\n<tr>\n<td>Dr. Stamatios Papadakis<\/td>\n<td>The University of Crete, Greece<\/td>\n<\/tr>\n<tr>\n<td>Dr. \u015eule Y\u0131lmaz \u00d6zden<\/td>\n<td>Sakarya University, T\u00fcrkiye<\/td>\n<\/tr>\n<tr>\n<td>Dr. U\u011fur Ba\u015farmak<\/td>\n<td>K\u0131r\u015fehir Ahi Evran University, T\u00fcrkiye<\/td>\n<\/tr>\n<tr>\n<td>Dr. T. Volkan Y\u00fczer<\/td>\n<td>Anadolu University, T\u00fcrkiye<\/td>\n<\/tr>\n<tr>\n<td>Dr. Umut Akcil<\/td>\n<td>Near East University, Northern Cyprus<\/td>\n<\/tr>\n<tr>\n<td>Dr. Yal\u0131n K\u0131l\u0131\u00e7 T\u00fcrel<\/td>\n<td>F\u0131rat University, T\u00fcrkiye<\/td>\n<\/tr>\n<tr>\n<td>Dr. Zehra Alt\u0131nay<\/td>\n<td>Near East University, Northern Cyprus<\/td>\n<\/tr>\n<\/tbody>\n<\/table>\n<p>&nbsp;<\/p>\n","protected":false},"excerpt":{"rendered":"<p>Chairs of International Scientific Advisory Board Dr. Mustafa \u00d6zg\u00fcven Xi\u2019an Jiaotong-Liverpool University (XJTLU) Prof. Dr. Delf\u00edn Ortega-S\u00e1nchez Vice-Rector for Social Responsibility, Culture and Sports, University of Burgos (Spain) Name Surname University Dr. Abdullah Kuzu Antalya Akev University, T\u00fcrkiye Dr. Amine Hatun Ata\u015f Galatasaray University, T\u00fcrkiye Dr. Arif Altun Hacettepe University, T\u00fcrkiye Dr. Ay\u015fen Karamete Bal\u0131kesir [&hellip;]<\/p>\n","protected":false},"author":1,"featured_media":0,"parent":0,"menu_order":0,"comment_status":"closed","ping_status":"closed","template":"","meta":{"inline_featured_image":false,"_monsterinsights_skip_tracking":false,"_monsterinsights_sitenote_active":false,"_monsterinsights_sitenote_note":"","_monsterinsights_sitenote_category":0,"ngg_post_thumbnail":0,"footnotes":""},"class_list":["post-3711","page","type-page","status-publish","hentry"],"_links":{"self":[{"href":"https:\/\/www.icetol.com\/index.php?rest_route=\/wp\/v2\/pages\/3711","targetHints":{"allow":["GET"]}}],"collection":[{"href":"https:\/\/www.icetol.com\/index.php?rest_route=\/wp\/v2\/pages"}],"about":[{"href":"https:\/\/www.icetol.com\/index.php?rest_route=\/wp\/v2\/types\/page"}],"author":[{"embeddable":true,"href":"https:\/\/www.icetol.com\/index.php?rest_route=\/wp\/v2\/users\/1"}],"replies":[{"embeddable":true,"href":"https:\/\/www.icetol.com\/index.php?rest_route=%2Fwp%2Fv2%2Fcomments&post=3711"}],"version-history":[{"count":1,"href":"https:\/\/www.icetol.com\/index.php?rest_route=\/wp\/v2\/pages\/3711\/revisions"}],"predecessor-version":[{"id":3712,"href":"https:\/\/www.icetol.com\/index.php?rest_route=\/wp\/v2\/pages\/3711\/revisions\/3712"}],"wp:attachment":[{"href":"https:\/\/www.icetol.com\/index.php?rest_route=%2Fwp%2Fv2%2Fmedia&parent=3711"}],"curies":[{"name":"wp","href":"https:\/\/api.w.org\/{rel}","templated":true}]}}