{"id":3720,"date":"2025-12-15T14:58:31","date_gmt":"2025-12-15T11:58:31","guid":{"rendered":"https:\/\/www.icetol.com\/?page_id=3720"},"modified":"2025-12-15T14:58:31","modified_gmt":"2025-12-15T11:58:31","slug":"organizing-committee-2025","status":"publish","type":"page","link":"https:\/\/www.icetol.com\/?page_id=3720","title":{"rendered":"Organizing Committee 2025"},"content":{"rendered":"<div style=\"margin-bottom: 40px; margin-top:50px;overflow: auto;\">\n<div style=\"float: left; width: 70px;\"><img decoding=\"async\" style=\"height: 70px;\" src=\"https:\/\/www.icetol.com\/wp-content\/uploads\/2024\/10\/gurhandurak.jpeg\"><\/div>\n<div style=\"float: left; margin-left: 20px; padding: 0px; width: 80%;\">\n<div>Dr. G\u00fcrhan Durak <strong>(Conference Chair)<\/strong><\/div>\n<div style=\"margin-top: 10px;\">Bal\u0131kesir University, Necatibey Faculty of Education, Department of Instructional Technologies, T\u00fcrkiye<br \/>\nThe Open University, Institute of Educational Technology, United Kingdom (Orcid: <a href=\"https:\/\/orcid.org\/0000-0003-2944-3713\">0000-0003-2944-3713<\/a>)<\/div>\n<\/div>\n<\/div>\n<div style=\"margin-bottom: 40px; overflow: auto;\">\n<div style=\"float: left; width: 70px;\"><img decoding=\"async\" style=\"display: block; height: 70px;\" src=\"https:\/\/dergipark.org.tr\/media\/cache\/user_croped\/4d68\/f21d\/aec3\/5a1c4c2be02c4.jpg\"><\/div>\n<div style=\"float: left; margin-left: 20px; padding: 0px; width: 80%;\">\n<div>Dr. Serkan \u00c7ankaya<\/div>\n<div style=\"margin-top: 10px;\">\u0130zmir Demokrasi University, Faculty of Economics and Administrative Sciences, Department of Management Information Systems, T\u00fcrkiye (Orcid: <a href=\"https:\/\/orcid.org\/0000-0002-3951-9809\">0000-0002-3951-9809<\/a>)<\/div>\n<\/div>\n<\/div>\n<div style=\"margin-bottom: 40px; overflow: auto;\">\n<div style=\"float: left; width: 70px;\"><img decoding=\"async\" style=\"display: block; height: 70px;\" src=\"https:\/\/dergipark.org.tr\/media\/cache\/user_croped\/121a\/938c\/a652\/603183f9b1e15.jpg\"><\/div>\n<div style=\"float: left; margin-left: 20px; padding: 0px; width: 80%;\">\n<div>Dr. Nazire Bur\u00e7in Hamuto\u011flu<\/div>\n<div style=\"margin-top: 10px;\">Eski\u015fehir Osmangazi University, Faculty of Education, Department of Instructional Technologies, T\u00fcrkiye (Orcid: <a href=\"https:\/\/orcid.org\/0000-0003-0941-9070\">0000-0003-0941-9070<\/a>)<\/div>\n<\/div>\n<\/div>\n<div style=\"margin-bottom: 40px; overflow: auto;\">\n<div style=\"float: left; width: 70px;\"><img decoding=\"async\" style=\"display: block; height: 70px;\" src=\"https:\/\/dergipark.org.tr\/media\/cache\/user_croped\/4d0e\/7edb\/e387\/5f50d600cc220.jpg\"><\/div>\n<div style=\"float: left; margin-left: 20px; padding: 0px; width: 80%;\">\n<div>Dr. Hasan U\u00e7ar<\/div>\n<div style=\"margin-top: 10px;\">Anadolu University, Open Education Faculty, Department of Distance Education, T\u00fcrkiye (Orcid: <a href=\"https:\/\/orcid.org\/0000-0001-9174-4299\">0000-0001-9174-4299<\/a>)<\/div>\n<\/div>\n<\/div>\n<div style=\"margin-bottom: 40px; overflow: auto;\">\n<div style=\"float: left; width: 70px;\"><img decoding=\"async\" style=\"display: block; height: 70px;\" src=\"https:\/\/www.icetol.com\/wp-content\/uploads\/2022\/09\/Kadir-Demir.DEMI\u0307R.jpeg\"><\/div>\n<div style=\"float: left; margin-left: 20px; padding: 0px; width: 80%;\">\n<div>Dr. Kadir Demir<\/div>\n<div style=\"margin-top: 10px;\">\u0130zmir Demokrasi University, Faculty of Economics and Administrative Sciences, Department of Management Information Systems, T\u00fcrkiye (Orcid: <a href=\"https:\/\/orcid.org\/0000-0001-9568-9450\">0000-0001-9568-9450<\/a>)<\/div>\n<\/div>\n<\/div>\n<div style=\"margin-bottom: 40px; overflow: auto;\">\n<div style=\"float: left; width: 70px;\"><img decoding=\"async\" style=\"display: block; height: 70px;\" src=\"https:\/\/www.icetol.com\/wp-content\/uploads\/2023\/03\/karamete1.jpg\"><\/div>\n<div style=\"float: left; margin-left: 20px; padding: 0px; width: 80%;\">\n<div>Dr. Ay\u015fen Karamete<\/div>\n<div style=\"margin-top: 10px;\">Bal\u0131kesir University, Necatibey Faculty of Education, Department of Instructional Technologies, T\u00fcrkiye (Orcid: <a href=\"https:\/\/orcid.org\/0000-0001-8442-2080\">0000-0001-8442-2080<\/a>)<\/div>\n<\/div>\n<\/div>\n<div style=\"margin-bottom: 40px; overflow: auto;\">\n<div style=\"float: left; width: 70px;\"><img decoding=\"async\" style=\"display: block; height: 70px;\" src=\"https:\/\/www.icetol.com\/wp-content\/uploads\/2023\/03\/semiral.jpeg\"><\/div>\n<div style=\"float: left; margin-left: 20px; padding: 0px; width: 80%;\">\n<div>Dr. Semiral \u00d6nc\u00fc<\/div>\n<div style=\"margin-top: 10px;\">Bal\u0131kesir University, Necatibey Faculty of Education, Department of Instructional Technologies, T\u00fcrkiye (Orcid: <a href=\"https:\/\/orcid.org\/0000-0001-8549-094X\">0000-0001-8549-094X<\/a>)<\/div>\n<\/div>\n<\/div>\n<div style=\"margin-bottom: 40px; overflow: auto;\">\n<div style=\"float: left; width: 70px;\"><img decoding=\"async\" style=\"display: block; height: 70px;\" src=\"https:\/\/www.icetol.com\/wp-content\/uploads\/2021\/06\/aras.jpg\"><\/div>\n<div style=\"float: left; margin-left: 20px; padding: 0px; width: 80%;\">\n<div>Dr. Aras Bozkurt<\/div>\n<div style=\"margin-top: 10px;\">Anadolu University, Open Education Faculty, Department of Distance Education, T\u00fcrkiye (Orcid: <a href=\"https:\/\/orcid.org\/0000-0002-4520-642X\">0000-0002-4520-642X<\/a>)<\/div>\n<\/div>\n<\/div>\n<div style=\"margin-bottom: 40px; overflow: auto;\">\n<div style=\"float: left; width: 70px;\"><img decoding=\"async\" style=\"display: block; height: 70px;\" src=\"https:\/\/dergipark.org.tr\/media\/cache\/user_croped\/116e\/b289\/76da\/61c04ae69721e.jpg\"><\/div>\n<div style=\"float: left; margin-left: 20px; padding: 0px; width: 80%;\">\n<div>Dr. Hatice Y\u0131ld\u0131z Durak<\/div>\n<div style=\"margin-top: 10px;\">Necmettin Erbakan University, Faculty of Education, Department of Education Curriculum and Instruction, T\u00fcrkiye (Orcid: <a href=\"https:\/\/orcid.org\/0000-0002-5689-1805\">0000-0002-5689-1805<\/a>)<\/div>\n<\/div>\n<\/div>\n","protected":false},"excerpt":{"rendered":"<p>Dr. G\u00fcrhan Durak (Conference Chair) Bal\u0131kesir University, Necatibey Faculty of Education, Department of Instructional Technologies, T\u00fcrkiye The Open University, Institute of Educational Technology, United Kingdom (Orcid: 0000-0003-2944-3713) Dr. Serkan \u00c7ankaya \u0130zmir Demokrasi University, Faculty of Economics and Administrative Sciences, Department of Management Information Systems, T\u00fcrkiye (Orcid: 0000-0002-3951-9809) Dr. Nazire Bur\u00e7in Hamuto\u011flu Eski\u015fehir Osmangazi University, Faculty [&hellip;]<\/p>\n","protected":false},"author":1,"featured_media":0,"parent":0,"menu_order":0,"comment_status":"closed","ping_status":"closed","template":"","meta":{"inline_featured_image":false,"_monsterinsights_skip_tracking":false,"_monsterinsights_sitenote_active":false,"_monsterinsights_sitenote_note":"","_monsterinsights_sitenote_category":0,"ngg_post_thumbnail":0,"footnotes":""},"class_list":["post-3720","page","type-page","status-publish","hentry"],"_links":{"self":[{"href":"https:\/\/www.icetol.com\/index.php?rest_route=\/wp\/v2\/pages\/3720","targetHints":{"allow":["GET"]}}],"collection":[{"href":"https:\/\/www.icetol.com\/index.php?rest_route=\/wp\/v2\/pages"}],"about":[{"href":"https:\/\/www.icetol.com\/index.php?rest_route=\/wp\/v2\/types\/page"}],"author":[{"embeddable":true,"href":"https:\/\/www.icetol.com\/index.php?rest_route=\/wp\/v2\/users\/1"}],"replies":[{"embeddable":true,"href":"https:\/\/www.icetol.com\/index.php?rest_route=%2Fwp%2Fv2%2Fcomments&post=3720"}],"version-history":[{"count":1,"href":"https:\/\/www.icetol.com\/index.php?rest_route=\/wp\/v2\/pages\/3720\/revisions"}],"predecessor-version":[{"id":3721,"href":"https:\/\/www.icetol.com\/index.php?rest_route=\/wp\/v2\/pages\/3720\/revisions\/3721"}],"wp:attachment":[{"href":"https:\/\/www.icetol.com\/index.php?rest_route=%2Fwp%2Fv2%2Fmedia&parent=3720"}],"curies":[{"name":"wp","href":"https:\/\/api.w.org\/{rel}","templated":true}]}}