{"id":658,"date":"2022-02-07T22:40:51","date_gmt":"2022-02-07T19:40:51","guid":{"rendered":"http:\/\/www.icetol.com\/?page_id=658"},"modified":"2022-02-07T23:20:59","modified_gmt":"2022-02-07T20:20:59","slug":"registration-fees-payment-2021","status":"publish","type":"page","link":"https:\/\/www.icetol.com\/?page_id=658","title":{"rendered":"Registration Fees &#038; Payment 2021"},"content":{"rendered":"<p>Dear Participants,<\/p>\n<p>Conference fees, includes and bank accounts information are presented below.<\/p>\n<p><strong>Registration Fees :<\/strong><\/p>\n<table style=\"border-collapse: collapse;\">\n<tbody>\n<tr style=\"border-top: 1px solid black;\">\n<td width=\"124\"><strong>Pre<\/strong><strong>sentation Type<\/strong><\/td>\n<td style=\"text-align: center; border-left: 1px solid black;\" colspan=\"2\" width=\"245\"><strong>Conference Fee (\u20ba\/$\/\u20ac)<\/strong><\/td>\n<td style=\"text-align: center; border-left: 1px solid black;\" colspan=\"2\" width=\"247\"><strong>Conference Fee For Students<\/strong><\/td>\n<\/tr>\n<tr style=\"border-bottom: 1px solid black;\">\n<td width=\"124\"><\/td>\n<td style=\"text-align: center; border-left: 1px solid black;\" width=\"136\"><strong>E<\/strong><strong>arly <\/strong><strong>R<\/strong><strong>egistration<\/strong><\/td>\n<td style=\"text-align: center;\" width=\"107\"><strong>Late Registration<\/strong><\/td>\n<td style=\"text-align: center; border-left: 1px solid black;\" width=\"138\"><strong>E<\/strong><strong>arly <\/strong><strong>R<\/strong><strong>egistration<\/strong><\/td>\n<td style=\"text-align: center;\" width=\"107\"><strong>Late Registration<\/strong><\/td>\n<\/tr>\n<tr>\n<td width=\"124\">Oral ***<\/td>\n<td style=\"text-align: center; border-left: 1px solid black;\" width=\"136\"><del><span style=\"color: #ff0000;\">600\u20ba\/90$\/75\u20ac<\/span><\/del><\/td>\n<td style=\"text-align: center;\" width=\"107\">750\u20ba\/115$\/100\u20ac<\/td>\n<td style=\"text-align: center; border-left: 1px solid black;\" width=\"138\"><del><span style=\"color: #ff0000;\">400\u20ba\/60$\/50\u20ac<\/span><\/del><\/td>\n<td style=\"text-align: center;\" width=\"107\">500\u20ba\/70$\/60\u20ac<\/td>\n<\/tr>\n<tr>\n<td width=\"124\">Virtual \/ Video **<\/td>\n<td style=\"text-align: center; border-left: 1px solid black;\" width=\"136\"><del><span style=\"color: #ff0000;\">\u00a0300\u20ba\/50$\/40\u20ac<\/span><\/del><\/td>\n<td style=\"text-align: center;\" width=\"107\">300\u20ba\/50$\/40\u20ac<\/td>\n<td style=\"text-align: center; border-left: 1px solid black;\" width=\"138\"><del><span style=\"color: #ff0000;\">200\u20ba\/40$\/30\u20ac<\/span><\/del><\/td>\n<td style=\"text-align: center;\" width=\"107\">200\u20ba\/40$\/30\u20ac<\/td>\n<\/tr>\n<tr style=\"border-bottom: 1px solid black;\">\n<td width=\"124\">Audience *<\/td>\n<td style=\"text-align: center; border-left: 1px solid black;\" width=\"136\"><span style=\"color: #ff0000;\"><del>400\u20ba\/60$\/50\u20ac<\/del><\/span><\/td>\n<td style=\"text-align: center;\" width=\"107\">500\u20ba\/70$\/60\u20ac<\/td>\n<td style=\"text-align: center; border-left: 1px solid black;\" width=\"138\"><del><span style=\"color: #ff0000;\">300\u20ba\/50$\/40\u20ac<\/span><\/del><\/td>\n<td style=\"text-align: center;\" width=\"107\">400\u20ba\/60$\/50\u20ac<\/td>\n<\/tr>\n<\/tbody>\n<\/table>\n<p><strong>Registration Fee For Oral Presentation Includes<\/strong><\/p>\n<ul>\n<li>Participation to all scientific activities,<\/li>\n<li>Welcome reception,<\/li>\n<li>Gala dinner,<\/li>\n<li>Opportunity to publish full paper in proceeding book or sponsored journals,<\/li>\n<li>Conference Bag,<\/li>\n<li>Participant ID Card<\/li>\n<li>Online Abstract Book,<\/li>\n<li>Online Proceedings Book having ISBN Number,<\/li>\n<li>Pen, Notebook,<\/li>\n<li>Printed\/Digital Certificate of Attendance,<\/li>\n<li>Printed\/Digital Conference Program,<\/li>\n<li>Tea, coffee, cookie, and beverage service during congress period,<\/li>\n<li>Trips (antic city tour and yacht tour &#8211; in planning)<\/li>\n<\/ul>\n<p><strong>Registration Fee For Virtual\/Video Presentation Includes<\/strong><\/p>\n<ul>\n<li>Participation to all scientific activities,<\/li>\n<li>Opportunity to publish full paper in proceeding book or sponsored journals,<\/li>\n<li>Online Abstract Book,<\/li>\n<li>Online Proceedings Book having ISBN Number,<\/li>\n<li>Digital Certificate of Attendance,<\/li>\n<li>Digital Conference Program,<\/li>\n<\/ul>\n<p><strong>Registration Fee For Audience Includes<\/strong><\/p>\n<ul>\n<li>Participation to all scientific activities,<\/li>\n<li>Welcome reception,<\/li>\n<li>Gala dinner,<\/li>\n<li>Participant ID Card<\/li>\n<li>Online Abstract Book,<\/li>\n<li>Online Proceedings Book having ISBN Number,<\/li>\n<li>Printed\/Digital Certificate of Attendance,<\/li>\n<li>Printed\/Digital Conference Program,<\/li>\n<li>Tea, coffee, cookie, and beverage service during congress period,<\/li>\n<li>Trips (antic city tour and\/or yacht tour &#8211; in planning)<\/li>\n<\/ul>\n<p>One author registration can cover a maximum of 2 papers. Other authors in multi authored papers must register as an Audience in order to benefit the facilities of the conference. For other requests like lunch or trip fees for guests, please contact with the email address, icetol.secretariat@gmail.com<\/p>\n<p><strong>Payment Via Credit Card (For International Participants)* Please use the right link for payment.\u00a0<\/strong><\/p>\n<ul>\n<li><a href=\"https:\/\/www.paytr.com\/link\/AV9wjmE?lang=en\">Oral Participation (115$)<\/a><\/li>\n<li><a href=\"https:\/\/www.paytr.com\/link\/zhiXJBV?lang=en\">Virtual Participation (50$)<\/a><\/li>\n<li><a href=\"https:\/\/www.paytr.com\/link\/oS6KwYy?lang=en\">Audience Participation (70$)<\/a><\/li>\n<\/ul>\n<ul>\n<li><em><strong>International Students<\/strong><\/em>\n<ul>\n<li><a href=\"https:\/\/www.paytr.com\/link\/oyFlAew?lang=en\">Oral Participation (70$)<\/a><\/li>\n<li><a href=\"https:\/\/www.paytr.com\/link\/G34ocUz?lang=en\">Virtual Participation (40$)<\/a><\/li>\n<li><a href=\"https:\/\/www.paytr.com\/link\/4vF3KLu?lang=en\">Audience Participation (60$)<\/a><\/li>\n<\/ul>\n<\/li>\n<\/ul>\n<p style=\"text-align: left;\"><strong>Note<\/strong>: Students must provide proof of student status. The student ID should be sent to the conference e-mail address (icetol.secretariat@gmail.com)<\/p>\n<p><strong>Bank Account Information:<\/strong><\/p>\n<p>Account Name: Lacivert Tan\u0131t\u0131m Medya Anonim \u015eirketi<\/p>\n<p>Bank: \u0130\u015f Bankas\u0131<\/p>\n<p>Turkish Lira Account: TR42 0006 4000 0011 2700 6940 11<\/p>\n<p>Dollar Account: TR71 0006 4000 0021 2700 3399 19<\/p>\n<p>Euro Account: TR64 0006 4000 0021 2700 4405 37<\/p>\n<p>&nbsp;<\/p>\n<p><strong>IMPORTANT:<\/strong> You may pay the conference fee at the Registration Desk on the day of the conference. However, in order for your presentation to be included in the program, it is important that you inform icetol.secretariat@gmail.com about this issue.<\/p>\n","protected":false},"excerpt":{"rendered":"<p>Dear Participants, Conference fees, includes and bank accounts information are presented below. Registration Fees : Presentation Type Conference Fee (\u20ba\/$\/\u20ac) Conference Fee For Students Early Registration Late Registration Early Registration Late Registration Oral *** 600\u20ba\/90$\/75\u20ac 750\u20ba\/115$\/100\u20ac 400\u20ba\/60$\/50\u20ac 500\u20ba\/70$\/60\u20ac Virtual \/ Video ** \u00a0300\u20ba\/50$\/40\u20ac 300\u20ba\/50$\/40\u20ac 200\u20ba\/40$\/30\u20ac 200\u20ba\/40$\/30\u20ac Audience * 400\u20ba\/60$\/50\u20ac 500\u20ba\/70$\/60\u20ac 300\u20ba\/50$\/40\u20ac 400\u20ba\/60$\/50\u20ac Registration Fee For [&hellip;]<\/p>\n","protected":false},"author":1,"featured_media":0,"parent":0,"menu_order":0,"comment_status":"closed","ping_status":"closed","template":"","meta":{"inline_featured_image":false,"_monsterinsights_skip_tracking":false,"_monsterinsights_sitenote_active":false,"_monsterinsights_sitenote_note":"","_monsterinsights_sitenote_category":0,"ngg_post_thumbnail":0,"footnotes":""},"class_list":["post-658","page","type-page","status-publish","hentry"],"_links":{"self":[{"href":"https:\/\/www.icetol.com\/index.php?rest_route=\/wp\/v2\/pages\/658","targetHints":{"allow":["GET"]}}],"collection":[{"href":"https:\/\/www.icetol.com\/index.php?rest_route=\/wp\/v2\/pages"}],"about":[{"href":"https:\/\/www.icetol.com\/index.php?rest_route=\/wp\/v2\/types\/page"}],"author":[{"embeddable":true,"href":"https:\/\/www.icetol.com\/index.php?rest_route=\/wp\/v2\/users\/1"}],"replies":[{"embeddable":true,"href":"https:\/\/www.icetol.com\/index.php?rest_route=%2Fwp%2Fv2%2Fcomments&post=658"}],"version-history":[{"count":1,"href":"https:\/\/www.icetol.com\/index.php?rest_route=\/wp\/v2\/pages\/658\/revisions"}],"predecessor-version":[{"id":685,"href":"https:\/\/www.icetol.com\/index.php?rest_route=\/wp\/v2\/pages\/658\/revisions\/685"}],"wp:attachment":[{"href":"https:\/\/www.icetol.com\/index.php?rest_route=%2Fwp%2Fv2%2Fmedia&parent=658"}],"curies":[{"name":"wp","href":"https:\/\/api.w.org\/{rel}","templated":true}]}}