{"id":659,"date":"2022-02-07T22:41:00","date_gmt":"2022-02-07T19:41:00","guid":{"rendered":"http:\/\/www.icetol.com\/?page_id=659"},"modified":"2022-02-07T23:33:18","modified_gmt":"2022-02-07T20:33:18","slug":"social-activities-2021","status":"publish","type":"page","link":"https:\/\/www.icetol.com\/?page_id=659","title":{"rendered":"Social Activities 2021"},"content":{"rendered":"<p style=\"text-align: center;\">ICETOL&#8217;s<strong> Social activities<\/strong><\/p>\n<p>1. Moonlight yacht tour (Ayval\u0131k). The details will be announced later.<\/p>\n<p><img decoding=\"async\" src=\"https:\/\/www.sarimsaklitur.com.tr\/wp-content\/uploads\/2018\/03\/ayvalik-tekne-turu-1.jpg\" alt=\"G\u00fcn\u00fcbirlik Ayval\u0131k Tekne Turlar\u0131 | Sar\u0131msakl\u0131 Tur\" \/><\/p>\n<p>2. Antic city tour (24.09.2021).<\/p>\n<p style=\"padding-left: 80px;\"><img loading=\"lazy\" decoding=\"async\" class=\"alignleft wp-image-548 size-full\" src=\"https:\/\/www.icetol.com\/wp-content\/uploads\/2021\/09\/travelprogramme.png\" alt=\"\" width=\"800\" height=\"2000\" srcset=\"https:\/\/www.icetol.com\/wp-content\/uploads\/2021\/09\/travelprogramme.png 800w, https:\/\/www.icetol.com\/wp-content\/uploads\/2021\/09\/travelprogramme-600x1500.png 600w, https:\/\/www.icetol.com\/wp-content\/uploads\/2021\/09\/travelprogramme-120x300.png 120w, https:\/\/www.icetol.com\/wp-content\/uploads\/2021\/09\/travelprogramme-410x1024.png 410w, https:\/\/www.icetol.com\/wp-content\/uploads\/2021\/09\/travelprogramme-768x1920.png 768w, https:\/\/www.icetol.com\/wp-content\/uploads\/2021\/09\/travelprogramme-614x1536.png 614w\" sizes=\"auto, (max-width: 800px) 100vw, 800px\" \/><\/p>\n<p>&nbsp;<\/p>\n","protected":false},"excerpt":{"rendered":"<p>ICETOL&#8217;s Social activities 1. Moonlight yacht tour (Ayval\u0131k). The details will be announced later. 2. Antic city tour (24.09.2021). &nbsp;<\/p>\n","protected":false},"author":1,"featured_media":0,"parent":0,"menu_order":0,"comment_status":"closed","ping_status":"closed","template":"","meta":{"inline_featured_image":false,"_monsterinsights_skip_tracking":false,"_monsterinsights_sitenote_active":false,"_monsterinsights_sitenote_note":"","_monsterinsights_sitenote_category":0,"ngg_post_thumbnail":0,"footnotes":""},"class_list":["post-659","page","type-page","status-publish","hentry"],"_links":{"self":[{"href":"https:\/\/www.icetol.com\/index.php?rest_route=\/wp\/v2\/pages\/659","targetHints":{"allow":["GET"]}}],"collection":[{"href":"https:\/\/www.icetol.com\/index.php?rest_route=\/wp\/v2\/pages"}],"about":[{"href":"https:\/\/www.icetol.com\/index.php?rest_route=\/wp\/v2\/types\/page"}],"author":[{"embeddable":true,"href":"https:\/\/www.icetol.com\/index.php?rest_route=\/wp\/v2\/users\/1"}],"replies":[{"embeddable":true,"href":"https:\/\/www.icetol.com\/index.php?rest_route=%2Fwp%2Fv2%2Fcomments&post=659"}],"version-history":[{"count":1,"href":"https:\/\/www.icetol.com\/index.php?rest_route=\/wp\/v2\/pages\/659\/revisions"}],"predecessor-version":[{"id":703,"href":"https:\/\/www.icetol.com\/index.php?rest_route=\/wp\/v2\/pages\/659\/revisions\/703"}],"wp:attachment":[{"href":"https:\/\/www.icetol.com\/index.php?rest_route=%2Fwp%2Fv2%2Fmedia&parent=659"}],"curies":[{"name":"wp","href":"https:\/\/api.w.org\/{rel}","templated":true}]}}